{"id":60061,"date":"2020-03-24T16:45:44","date_gmt":"2020-03-24T15:45:44","guid":{"rendered":"https:\/\/woodboard.at\/kiteboard-shop\/set-pads-straps\/"},"modified":"2026-02-28T16:21:04","modified_gmt":"2026-02-28T15:21:04","slug":"set-pads-straps","status":"publish","type":"product","link":"https:\/\/woodboard.at\/fr\/kiteboard-shop\/set-pads-straps\/","title":{"rendered":"Set Pads et Straps"},"content":{"rendered":"<div class=\"et_pb_section_0 et_pb_section et_section_regular et_block_section\"><div class=\"et_pb_row_0 et_pb_row et_block_row\"><div class=\"et_pb_column_0 et_pb_column et_pb_column_4_4 et-last-child et_block_column et_pb_css_mix_blend_mode_passthrough\"><div class=\"et_pb_wc_cart_notice_0 et_pb_wc_cart_notice et_pb_fields_layout_default et_pb_woo_custom_button_icon et_pb_module\" data-button-class=\"single_add_to_cart_button\" data-button-icon=\"5\" data-button-icon-tablet=\"\" data-button-icon-phone=\"\"><div class=\"et_pb_module_inner\">\n\t<div class=\"woocommerce-message\" role=\"alert\">\n\t\t&ldquo;Product Name&rdquo; has been added to cart.\t<\/div>\n<\/div><\/div><\/div><\/div><div class=\"et_pb_row_1 et_pb_row et_block_row\"><div class=\"et_pb_column_1 et_pb_column et_pb_column_1_2 et_block_column et_pb_css_mix_blend_mode_passthrough\"><div class=\"et_pb_wc_images_0 et_pb_wc_images et_pb_module\"><div class=\"et_pb_module_inner\"><\/div><\/div><\/div><div class=\"et_pb_column_2 et_pb_column et_pb_column_1_2 et-last-child et_block_column et_pb_css_mix_blend_mode_passthrough\"><div class=\"et_pb_wc_title_0 et_pb_wc_title et_pb_bg_layout_light et_pb_module\"><div class=\"et_pb_module_inner\">\n\t\t<h1>Set Pads et Straps<\/h1><\/div><\/div><\/div><\/div><div class=\"et_pb_row_2 et_pb_row et_block_row\"><div class=\"et_pb_column_3 et_pb_column et_pb_column_4_4 et-last-child et_block_column et_pb_css_mix_blend_mode_passthrough\"><div class=\"et_pb_text_0 et_pb_text et_pb_bg_layout_light et_pb_module et_block_module\"><div class=\"et_pb_text_inner\"><h2 id=\"tw-target-text\" class=\"tw-data-text tw-text-large XcVN5d tw-ta\" dir=\"ltr\" style=\"text-align: center;\" data-placeholder=\"Traduction\"><span lang=\"fr\">Instructions de montage<\/span><\/h2>\n<\/div><\/div><div class=\"et_pb_video_0 et_pb_video et_pb_module et_block_module\"><div class=\"et_pb_video_box\"><iframe loading=\"lazy\" title=\"How to mount Woodboard Pads &amp; Straps 2020\" width=\"1080\" height=\"608\" src=\"https:\/\/www.youtube.com\/embed\/fjI08Ny8Il8?feature=oembed\"  allow=\"accelerometer; autoplay; clipboard-write; encrypted-media; gyroscope; picture-in-picture; web-share\" referrerpolicy=\"strict-origin-when-cross-origin\" allowfullscreen><\/iframe><\/div><\/div><\/div><\/div><div class=\"et_pb_row_3 et_pb_row et_block_row\"><div class=\"et_pb_column_4 et_pb_column et_pb_column_4_4 et-last-child et_block_column et_pb_css_mix_blend_mode_passthrough\"><\/div><\/div><\/div>","protected":false},"excerpt":{"rendered":"<h4 class=\"tw-data-text tw-text-large XcVN5d tw-ta\" data-placeholder=\"Traduction\"><span lang=\"fr\">Ensemble de <\/span>Pads &amp; Straps <span lang=\"fr\">de kitesurf confortables avec un grip maximale<\/span><\/h4>\n","protected":false},"featured_media":60064,"template":"","meta":[],"product_brand":[],"product_cat":[139,140],"product_tag":[],"class_list":{"0":"post-60061","1":"product","2":"type-product","3":"status-publish","4":"has-post-thumbnail","6":"product_cat-composants","7":"product_cat-set-composants","8":"product_shipping_class-componants","10":"first","11":"instock","12":"taxable","13":"shipping-taxable","14":"purchasable","15":"product-type-simple"},"yoast_head":"<!-- This site is optimized with the Yoast SEO plugin v27.3 - https:\/\/yoast.com\/product\/yoast-seo-wordpress\/ -->\n<title>Woodboard Set Pads et Straps - Pads &amp; Straps de kitesurf ergonomiques<\/title>\n<meta name=\"description\" content=\"Pads et straps 3D ergonomiques, l\u00e9gers et confortables avec une zone de grip pour les orteils, tenant vos pieds en toute s\u00e9curit\u00e9, options de r\u00e9glage et de positionnement !\" \/>\n<meta name=\"robots\" content=\"index, follow, max-snippet:-1, max-image-preview:large, max-video-preview:-1\" \/>\n<link rel=\"canonical\" href=\"https:\/\/woodboard.at\/fr\/kiteboard-shop\/set-pads-straps\/\" \/>\n<meta property=\"og:locale\" content=\"fr_FR\" \/>\n<meta property=\"og:type\" content=\"article\" \/>\n<meta property=\"og:title\" content=\"Woodboard Set Pads et Straps - Pads &amp; Straps de kitesurf ergonomiques\" \/>\n<meta property=\"og:description\" content=\"Pads et straps 3D ergonomiques, l\u00e9gers et confortables avec une zone de grip pour les orteils, tenant vos pieds en toute s\u00e9curit\u00e9, options de r\u00e9glage et de positionnement !\" \/>\n<meta property=\"og:url\" content=\"https:\/\/woodboard.at\/fr\/kiteboard-shop\/set-pads-straps\/\" \/>\n<meta property=\"og:site_name\" content=\"Woodboard\" \/>\n<meta property=\"article:publisher\" content=\"https:\/\/www.facebook.com\/woodboard\/\" \/>\n<meta property=\"article:modified_time\" content=\"2026-02-28T15:21:04+00:00\" \/>\n<meta property=\"og:image\" content=\"https:\/\/dimgrey-walrus-153843.hostingersite.com\/wp-content\/uploads\/2020\/03\/Woodboard-Pads-Straps-Combo-2020-1200x1200-1.png\" \/>\n\t<meta property=\"og:image:width\" content=\"1200\" \/>\n\t<meta property=\"og:image:height\" content=\"1200\" \/>\n\t<meta property=\"og:image:type\" content=\"image\/png\" \/>\n<meta name=\"twitter:card\" content=\"summary_large_image\" \/>\n<script type=\"application\/ld+json\" class=\"yoast-schema-graph\">{\"@context\":\"https:\\\/\\\/schema.org\",\"@graph\":[{\"@type\":\"WebPage\",\"@id\":\"https:\\\/\\\/woodboard.at\\\/fr\\\/kiteboard-shop\\\/set-pads-straps\\\/\",\"url\":\"https:\\\/\\\/woodboard.at\\\/fr\\\/kiteboard-shop\\\/set-pads-straps\\\/\",\"name\":\"Woodboard Set Pads et Straps - Pads & Straps de kitesurf ergonomiques\",\"isPartOf\":{\"@id\":\"https:\\\/\\\/dimgrey-walrus-153843.hostingersite.com\\\/#website\"},\"primaryImageOfPage\":{\"@id\":\"https:\\\/\\\/woodboard.at\\\/fr\\\/kiteboard-shop\\\/set-pads-straps\\\/#primaryimage\"},\"image\":{\"@id\":\"https:\\\/\\\/woodboard.at\\\/fr\\\/kiteboard-shop\\\/set-pads-straps\\\/#primaryimage\"},\"thumbnailUrl\":\"https:\\\/\\\/woodboard.at\\\/wp-content\\\/uploads\\\/2020\\\/03\\\/Woodboard-Pads-Straps-Combo-2020-1200x1200-1.png\",\"datePublished\":\"2020-03-24T15:45:44+00:00\",\"dateModified\":\"2026-02-28T15:21:04+00:00\",\"description\":\"Pads et straps 3D ergonomiques, l\u00e9gers et confortables avec une zone de grip pour les orteils, tenant vos pieds en toute s\u00e9curit\u00e9, options de r\u00e9glage et de positionnement !\",\"breadcrumb\":{\"@id\":\"https:\\\/\\\/woodboard.at\\\/fr\\\/kiteboard-shop\\\/set-pads-straps\\\/#breadcrumb\"},\"inLanguage\":\"fr-FR\",\"potentialAction\":[{\"@type\":\"ReadAction\",\"target\":[\"https:\\\/\\\/woodboard.at\\\/fr\\\/kiteboard-shop\\\/set-pads-straps\\\/\"]}]},{\"@type\":\"ImageObject\",\"inLanguage\":\"fr-FR\",\"@id\":\"https:\\\/\\\/woodboard.at\\\/fr\\\/kiteboard-shop\\\/set-pads-straps\\\/#primaryimage\",\"url\":\"https:\\\/\\\/woodboard.at\\\/wp-content\\\/uploads\\\/2020\\\/03\\\/Woodboard-Pads-Straps-Combo-2020-1200x1200-1.png\",\"contentUrl\":\"https:\\\/\\\/woodboard.at\\\/wp-content\\\/uploads\\\/2020\\\/03\\\/Woodboard-Pads-Straps-Combo-2020-1200x1200-1.png\",\"width\":1200,\"height\":1200,\"caption\":\"Woodboard Set Pads Straps\"},{\"@type\":\"BreadcrumbList\",\"@id\":\"https:\\\/\\\/woodboard.at\\\/fr\\\/kiteboard-shop\\\/set-pads-straps\\\/#breadcrumb\",\"itemListElement\":[{\"@type\":\"ListItem\",\"position\":1,\"name\":\"Home\",\"item\":\"https:\\\/\\\/woodboard.at\\\/fr\\\/accueil\\\/\"},{\"@type\":\"ListItem\",\"position\":2,\"name\":\"Shop\",\"item\":\"https:\\\/\\\/woodboard.at\\\/shop\\\/\"},{\"@type\":\"ListItem\",\"position\":3,\"name\":\"Composants\",\"item\":\"https:\\\/\\\/woodboard.at\\\/fr\\\/categorie-produit\\\/composants\\\/\"},{\"@type\":\"ListItem\",\"position\":4,\"name\":\"Set Pads et Straps\"}]},{\"@type\":\"WebSite\",\"@id\":\"https:\\\/\\\/dimgrey-walrus-153843.hostingersite.com\\\/#website\",\"url\":\"https:\\\/\\\/dimgrey-walrus-153843.hostingersite.com\\\/\",\"name\":\"Woodboard\",\"description\":\"The finest rides on this planet!\",\"publisher\":{\"@id\":\"https:\\\/\\\/dimgrey-walrus-153843.hostingersite.com\\\/#organization\"},\"potentialAction\":[{\"@type\":\"SearchAction\",\"target\":{\"@type\":\"EntryPoint\",\"urlTemplate\":\"https:\\\/\\\/dimgrey-walrus-153843.hostingersite.com\\\/?s={search_term_string}\"},\"query-input\":{\"@type\":\"PropertyValueSpecification\",\"valueRequired\":true,\"valueName\":\"search_term_string\"}}],\"inLanguage\":\"fr-FR\"},{\"@type\":\"Organization\",\"@id\":\"https:\\\/\\\/dimgrey-walrus-153843.hostingersite.com\\\/#organization\",\"name\":\"WOODBOARD\",\"url\":\"https:\\\/\\\/dimgrey-walrus-153843.hostingersite.com\\\/\",\"logo\":{\"@type\":\"ImageObject\",\"inLanguage\":\"fr-FR\",\"@id\":\"https:\\\/\\\/dimgrey-walrus-153843.hostingersite.com\\\/#\\\/schema\\\/logo\\\/image\\\/\",\"url\":\"https:\\\/\\\/woodboard.at\\\/wp-content\\\/uploads\\\/2020\\\/03\\\/logo-woodboard-original_520.png\",\"contentUrl\":\"https:\\\/\\\/woodboard.at\\\/wp-content\\\/uploads\\\/2020\\\/03\\\/logo-woodboard-original_520.png\",\"width\":520,\"height\":206,\"caption\":\"WOODBOARD\"},\"image\":{\"@id\":\"https:\\\/\\\/dimgrey-walrus-153843.hostingersite.com\\\/#\\\/schema\\\/logo\\\/image\\\/\"},\"sameAs\":[\"https:\\\/\\\/www.facebook.com\\\/woodboard\\\/\",\"https:\\\/\\\/www.instagram.com\\\/woodboard.kitesurfing\\\/\",\"https:\\\/\\\/www.youtube.com\\\/channel\\\/UCpsmcBKDY4nzVL0nbn39RBg\"]}]}<\/script>\n<!-- \/ Yoast SEO plugin. -->","yoast_head_json":{"title":"Woodboard Set Pads et Straps - Pads & Straps de kitesurf ergonomiques","description":"Pads et straps 3D ergonomiques, l\u00e9gers et confortables avec une zone de grip pour les orteils, tenant vos pieds en toute s\u00e9curit\u00e9, options de r\u00e9glage et de positionnement !","robots":{"index":"index","follow":"follow","max-snippet":"max-snippet:-1","max-image-preview":"max-image-preview:large","max-video-preview":"max-video-preview:-1"},"canonical":"https:\/\/woodboard.at\/fr\/kiteboard-shop\/set-pads-straps\/","og_locale":"fr_FR","og_type":"article","og_title":"Woodboard Set Pads et Straps - Pads & Straps de kitesurf ergonomiques","og_description":"Pads et straps 3D ergonomiques, l\u00e9gers et confortables avec une zone de grip pour les orteils, tenant vos pieds en toute s\u00e9curit\u00e9, options de r\u00e9glage et de positionnement !","og_url":"https:\/\/woodboard.at\/fr\/kiteboard-shop\/set-pads-straps\/","og_site_name":"Woodboard","article_publisher":"https:\/\/www.facebook.com\/woodboard\/","article_modified_time":"2026-02-28T15:21:04+00:00","og_image":[{"width":1200,"height":1200,"url":"https:\/\/dimgrey-walrus-153843.hostingersite.com\/wp-content\/uploads\/2020\/03\/Woodboard-Pads-Straps-Combo-2020-1200x1200-1.png","type":"image\/png"}],"twitter_card":"summary_large_image","schema":{"@context":"https:\/\/schema.org","@graph":[{"@type":"WebPage","@id":"https:\/\/woodboard.at\/fr\/kiteboard-shop\/set-pads-straps\/","url":"https:\/\/woodboard.at\/fr\/kiteboard-shop\/set-pads-straps\/","name":"Woodboard Set Pads et Straps - Pads & Straps de kitesurf ergonomiques","isPartOf":{"@id":"https:\/\/dimgrey-walrus-153843.hostingersite.com\/#website"},"primaryImageOfPage":{"@id":"https:\/\/woodboard.at\/fr\/kiteboard-shop\/set-pads-straps\/#primaryimage"},"image":{"@id":"https:\/\/woodboard.at\/fr\/kiteboard-shop\/set-pads-straps\/#primaryimage"},"thumbnailUrl":"https:\/\/woodboard.at\/wp-content\/uploads\/2020\/03\/Woodboard-Pads-Straps-Combo-2020-1200x1200-1.png","datePublished":"2020-03-24T15:45:44+00:00","dateModified":"2026-02-28T15:21:04+00:00","description":"Pads et straps 3D ergonomiques, l\u00e9gers et confortables avec une zone de grip pour les orteils, tenant vos pieds en toute s\u00e9curit\u00e9, options de r\u00e9glage et de positionnement !","breadcrumb":{"@id":"https:\/\/woodboard.at\/fr\/kiteboard-shop\/set-pads-straps\/#breadcrumb"},"inLanguage":"fr-FR","potentialAction":[{"@type":"ReadAction","target":["https:\/\/woodboard.at\/fr\/kiteboard-shop\/set-pads-straps\/"]}]},{"@type":"ImageObject","inLanguage":"fr-FR","@id":"https:\/\/woodboard.at\/fr\/kiteboard-shop\/set-pads-straps\/#primaryimage","url":"https:\/\/woodboard.at\/wp-content\/uploads\/2020\/03\/Woodboard-Pads-Straps-Combo-2020-1200x1200-1.png","contentUrl":"https:\/\/woodboard.at\/wp-content\/uploads\/2020\/03\/Woodboard-Pads-Straps-Combo-2020-1200x1200-1.png","width":1200,"height":1200,"caption":"Woodboard Set Pads Straps"},{"@type":"BreadcrumbList","@id":"https:\/\/woodboard.at\/fr\/kiteboard-shop\/set-pads-straps\/#breadcrumb","itemListElement":[{"@type":"ListItem","position":1,"name":"Home","item":"https:\/\/woodboard.at\/fr\/accueil\/"},{"@type":"ListItem","position":2,"name":"Shop","item":"https:\/\/woodboard.at\/shop\/"},{"@type":"ListItem","position":3,"name":"Composants","item":"https:\/\/woodboard.at\/fr\/categorie-produit\/composants\/"},{"@type":"ListItem","position":4,"name":"Set Pads et Straps"}]},{"@type":"WebSite","@id":"https:\/\/dimgrey-walrus-153843.hostingersite.com\/#website","url":"https:\/\/dimgrey-walrus-153843.hostingersite.com\/","name":"Woodboard","description":"The finest rides on this planet!","publisher":{"@id":"https:\/\/dimgrey-walrus-153843.hostingersite.com\/#organization"},"potentialAction":[{"@type":"SearchAction","target":{"@type":"EntryPoint","urlTemplate":"https:\/\/dimgrey-walrus-153843.hostingersite.com\/?s={search_term_string}"},"query-input":{"@type":"PropertyValueSpecification","valueRequired":true,"valueName":"search_term_string"}}],"inLanguage":"fr-FR"},{"@type":"Organization","@id":"https:\/\/dimgrey-walrus-153843.hostingersite.com\/#organization","name":"WOODBOARD","url":"https:\/\/dimgrey-walrus-153843.hostingersite.com\/","logo":{"@type":"ImageObject","inLanguage":"fr-FR","@id":"https:\/\/dimgrey-walrus-153843.hostingersite.com\/#\/schema\/logo\/image\/","url":"https:\/\/woodboard.at\/wp-content\/uploads\/2020\/03\/logo-woodboard-original_520.png","contentUrl":"https:\/\/woodboard.at\/wp-content\/uploads\/2020\/03\/logo-woodboard-original_520.png","width":520,"height":206,"caption":"WOODBOARD"},"image":{"@id":"https:\/\/dimgrey-walrus-153843.hostingersite.com\/#\/schema\/logo\/image\/"},"sameAs":["https:\/\/www.facebook.com\/woodboard\/","https:\/\/www.instagram.com\/woodboard.kitesurfing\/","https:\/\/www.youtube.com\/channel\/UCpsmcBKDY4nzVL0nbn39RBg"]}]}},"_links":{"self":[{"href":"https:\/\/woodboard.at\/fr\/wp-json\/wp\/v2\/product\/60061","targetHints":{"allow":["GET"]}}],"collection":[{"href":"https:\/\/woodboard.at\/fr\/wp-json\/wp\/v2\/product"}],"about":[{"href":"https:\/\/woodboard.at\/fr\/wp-json\/wp\/v2\/types\/product"}],"wp:featuredmedia":[{"embeddable":true,"href":"https:\/\/woodboard.at\/fr\/wp-json\/wp\/v2\/media\/60064"}],"wp:attachment":[{"href":"https:\/\/woodboard.at\/fr\/wp-json\/wp\/v2\/media?parent=60061"}],"wp:term":[{"taxonomy":"product_brand","embeddable":true,"href":"https:\/\/woodboard.at\/fr\/wp-json\/wp\/v2\/product_brand?post=60061"},{"taxonomy":"product_cat","embeddable":true,"href":"https:\/\/woodboard.at\/fr\/wp-json\/wp\/v2\/product_cat?post=60061"},{"taxonomy":"product_tag","embeddable":true,"href":"https:\/\/woodboard.at\/fr\/wp-json\/wp\/v2\/product_tag?post=60061"}],"curies":[{"name":"wp","href":"https:\/\/api.w.org\/{rel}","templated":true}]}}