{"id":59775,"date":"2020-03-25T12:25:42","date_gmt":"2020-03-25T11:25:42","guid":{"rendered":"https:\/\/woodboard.at\/a-propos\/"},"modified":"2026-02-28T16:19:22","modified_gmt":"2026-02-28T15:19:22","slug":"a-propos","status":"publish","type":"page","link":"https:\/\/woodboard.at\/fr\/a-propos\/","title":{"rendered":"\u00c0 propos"},"content":{"rendered":"<div class=\"et_pb_section_0 et_pb_section et_pb_fullwidth_section et_section_regular et_block_section\"><section class=\"et_pb_fullwidth_header_0 et_pb_fullwidth_header et_pb_bg_layout_dark et_pb_text_align_left et_pb_section_parallax et_pb_module et_flex_module\"><span class=\"et-pb-parallax-wrapper\"><span class=\"et-pb-parallax-background et-pb-parallax-background-module--divi-fullwidth-header-0\" style=\"background-image:url(https:\/\/woodboard.at\/wp-content\/uploads\/2020\/03\/20170113-2-IMGP0999.jpg)\"><\/span><\/span><div class=\"et_pb_fullwidth_header_container left\"><div class=\"header-content-container center\"><div class=\"header-content et_flex_module\"><h1 class=\"et_pb_module_header\">\u00c0 propos<\/h1><div class=\"et_pb_header_button_wrapper\"><\/div><\/div><\/div><\/div><div class=\"et_pb_fullwidth_header_overlay\"><\/div><div class=\"et_pb_fullwidth_header_scroll\"><\/div><\/section><\/div><div class=\"et_pb_section_1 et_pb_section et_section_regular et_block_section\"><div class=\"et_pb_row_0 et_pb_row et_block_row\"><div class=\"et_pb_column_0 et_pb_column et_pb_column_4_4 et-last-child et_block_column et_pb_css_mix_blend_mode_passthrough\"><div class=\"et_pb_text_0 et_pb_text et_pb_bg_layout_light et_pb_module et_block_module\"><div class=\"et_pb_text_inner\"><h1 style=\"text-align: center;\"><b>L\u2019HISTOIRE DE WOODBOARD<\/b><\/h1>\n<\/div><\/div><\/div><\/div><\/div><div class=\"et_pb_section_2 et_pb_section et_section_regular et_block_section\"><div class=\"et_pb_row_1 et_pb_row et_pb_equal_columns et_pb_gutters1 et_block_row\"><div class=\"et_pb_column_1 et_pb_column et_pb_column_1_2 et_block_column et_pb_css_mix_blend_mode_passthrough\"><div class=\"et_pb_text_1 et_pb_text et_pb_bg_layout_dark et_pb_module et_block_module\"><div class=\"et_pb_text_inner\"><h1>BOARDS, BOARDS, BOARDS<\/h1>\n<p><span style=\"font-weight: 400;\">Woodboard est une entreprise familiale autrichienne du lac venteux de Neusiedl. <\/span><\/p>\n<p><span style=\"font-weight: 400;\">Manfred, fondateur et ing\u00e9nieur, pionnier dans le domaine de la construction de planches, a \u00e9t\u00e9 l'un des premiers fabricants de snowboards au d\u00e9but des ann\u00e9es 1980. Il a fond\u00e9 \"MAMBOO\" Snowboards et a particip\u00e9 au championnat du monde 1987 \u00e0 St. Moritz \/ Suisse.<\/span><\/p>\n<p><span style=\"font-weight: 400;\">Apr\u00e8s avoir d\u00e9couvert sa passion pour le kitesurf, il a d\u00e9cid\u00e9 de se consacrer enti\u00e8rement \u00e0 ce sport et d'y appliquer ses connaissances approfondies dans la construction de planches. En 2011, il a fond\u00e9 Woodboard.<\/span><\/p>\n<\/div><\/div><\/div><div class=\"et_pb_column_2 et_pb_column et_pb_column_1_2 et-last-child et_block_column et_pb_css_mix_blend_mode_passthrough\"><div class=\"et_pb_image_0 et_pb_image et_pb_module et_block_module\"><span class=\"et_pb_image_wrap\"><img decoding=\"async\" src=\"https:\/\/woodboard.at\/wp-content\/uploads\/2020\/11\/Manfred-mit-Woodboard-Trash.jpeg\" width=\"1600\" height=\"900\" srcset=\"https:\/\/woodboard.at\/wp-content\/uploads\/2020\/11\/Manfred-mit-Woodboard-Trash.jpeg 1600w, https:\/\/woodboard.at\/wp-content\/uploads\/2020\/11\/Manfred-mit-Woodboard-Trash-1280x720.jpeg 1280w, https:\/\/woodboard.at\/wp-content\/uploads\/2020\/11\/Manfred-mit-Woodboard-Trash-980x551.jpeg 980w, https:\/\/woodboard.at\/wp-content\/uploads\/2020\/11\/Manfred-mit-Woodboard-Trash-480x270.jpeg 480w\" sizes=\"(min-width: 0px) and (max-width: 480px) 480px, (min-width: 481px) and (max-width: 980px) 980px, (min-width: 981px) and (max-width: 1280px) 1280px, (min-width: 1281px) 1600px, 100vw\" class=\"wp-image-57406\" title=\"Manfred avec la planche Woodboard Trash\" alt=\"Manfred Kernstock avec la planche Woodboard Kitesurfing Trash\" \/><\/span><\/div><\/div><\/div><\/div><div class=\"et_pb_section_3 et_pb_section et_section_regular et_block_section\"><div class=\"et_pb_row_2 et_pb_row et_block_row\"><div class=\"et_pb_column_3 et_pb_column et_pb_column_4_4 et-last-child et_block_column et_pb_css_mix_blend_mode_passthrough\"><div class=\"et_pb_text_2 et_pb_text et_pb_bg_layout_light et_pb_module et_block_module\"><div class=\"et_pb_text_inner\"><h1 style=\"text-align: center;\"><b>UNE RELATION PARFAITE ENTRE L'HOMME ET L'EAU<\/b><\/h1>\n<\/div><\/div><\/div><\/div><\/div><div class=\"et_pb_section_4 et_pb_section et_section_regular et_block_section\"><div class=\"et_pb_row_3 et_pb_row et_pb_equal_columns et_pb_gutters1 et_block_row\"><div class=\"et_pb_column_4 et_pb_column et_pb_column_1_2 et_block_column et_pb_css_mix_blend_mode_passthrough\"><div class=\"et_pb_image_1 et_pb_image et_pb_module et_block_module\"><span class=\"et_pb_image_wrap\"><img decoding=\"async\" src=\"https:\/\/woodboard.at\/wp-content\/uploads\/2020\/03\/2017_04_27_Hamata-1423-e1585143740747.jpg\" width=\"1501\" height=\"901\" srcset=\"https:\/\/woodboard.at\/wp-content\/uploads\/2020\/03\/2017_04_27_Hamata-1423-e1585143740747.jpg 1501w, https:\/\/woodboard.at\/wp-content\/uploads\/2020\/03\/2017_04_27_Hamata-1423-e1585143740747-1280x768.jpg 1280w, https:\/\/woodboard.at\/wp-content\/uploads\/2020\/03\/2017_04_27_Hamata-1423-e1585143740747-980x588.jpg 980w, https:\/\/woodboard.at\/wp-content\/uploads\/2020\/03\/2017_04_27_Hamata-1423-e1585143740747-480x288.jpg 480w\" sizes=\"(min-width: 0px) and (max-width: 480px) 480px, (min-width: 481px) and (max-width: 980px) 980px, (min-width: 981px) and (max-width: 1280px) 1280px, (min-width: 1281px) 1501px, 100vw\" class=\"wp-image-702\" title=\"2017_04_27_Hamata-Woodboard-crbn\" alt=\"Woodboard Kitesurfing CRBN \u00e0 Hamata Kite Village\" \/><\/span><\/div><\/div><div class=\"et_pb_column_5 et_pb_column et_pb_column_1_2 et-last-child et_block_column et_pb_css_mix_blend_mode_passthrough\"><div class=\"et_pb_text_3 et_pb_text et_pb_bg_layout_dark et_pb_module et_block_module\"><div class=\"et_pb_text_inner\"><h1>POURQUOI<\/h1>\n<p><span style=\"font-weight: 400;\">Apr\u00e8s des ann\u00e9es \u00e0 perfectionner nos connaissances de l'\u00e9coulement et de la r\u00e9sistance dans l'eau, nous avons simul\u00e9 les forces appliqu\u00e9es lors des phases de d\u00e9collage et \u00e0 l'atterrissage, les effets de la taille et de la position des ailerons, des channels et l\u2019outline. Nous avons travaill\u00e9 sur la glisse, la vitesse finale et la capacit\u00e9 de remonter au vent, tirant au maximum parti de \u00abl'effet Venturi\u00bb. Tout cela avant m\u00eame le d\u00e9veloppement d'un prototype et les phases de tests.<\/span><\/p>\n<p><span style=\"font-weight: 400;\">Le r\u00e9sultat est une ligne de planches de kitesurfs con\u00e7ue sur ordinateur en 3D, fabriqu\u00e9e par des experts dans leur m\u00e9tier et r\u00e9alis\u00e9e avec la plus haute qualit\u00e9. Pour des raisons de contr\u00f4le qualit\u00e9, nous attribuons des num\u00e9ros de s\u00e9rie pour une tra\u00e7abilit\u00e9 \u00e0 100% des planches. Jetez un \u0153il \u00e0 nos<\/span>\u00a0<a href=\"https:\/\/woodboard.at\/fr\/planches-de-kitesurf\/\">woodboards<\/a>.<\/p>\n<\/div><\/div><\/div><\/div><\/div><div class=\"et_pb_section_5 et_pb_section et_section_regular et_block_section\"><div class=\"et_pb_row_4 et_pb_row et_block_row\"><div class=\"et_pb_column_6 et_pb_column et_pb_column_4_4 et-last-child et_block_column et_pb_css_mix_blend_mode_passthrough\"><div class=\"et_pb_text_4 et_pb_text et_pb_bg_layout_light et_pb_module et_block_module\"><div class=\"et_pb_text_inner\"><h1 style=\"text-align: center;\"><b>C\u2019EST UN DE STYLE DE VIE<\/b><\/h1>\n<\/div><\/div><\/div><\/div><\/div><div class=\"et_pb_section_6 et_pb_section et_section_regular et_block_section\"><div class=\"et_pb_row_5 et_pb_row et_pb_equal_columns et_pb_gutters1 et_block_row\"><div class=\"et_pb_column_7 et_pb_column et_pb_column_1_2 et_block_column et_pb_css_mix_blend_mode_passthrough\"><div class=\"et_pb_text_5 et_pb_text et_pb_bg_layout_dark et_pb_module et_block_module\"><div class=\"et_pb_text_inner\"><h1><b>NOTRE PHILOSOPHIE<\/b><\/h1>\n<p><span style=\"font-weight: 400;\">Nous consid\u00e9rons que nous avons r\u00e9ussi lorsque nous voyons le large sourire du kiteur heureux qui utilise nos planches. C'est l'une des raisons pour lesquelles nous investissons tant d'heures dans le d\u00e9veloppement de planches de kitesurf con\u00e7ues en Autriche avec un noyau en bois.<\/span><\/p>\n<p><span style=\"font-weight: 400;\">Notre mod\u00e8le de prix est bas\u00e9 sur l'id\u00e9e qu'un bon design et une haute qualit\u00e9 ne sont pas un luxe mais une n\u00e9cessit\u00e9, et les prix doivent refl\u00e9ter cette id\u00e9e. Avec l'augmentation des ventes et des clients satisfaits, il en va de m\u00eame pour le nombre de gens heureux. Et c'est cela notre motivation ! Nous voulons voir les autres kiters sortir de l\u2019eau avec de grands sourires de satisfaction apr\u00e8s une session !<\/span><\/p>\n<\/div><\/div><\/div><div class=\"et_pb_column_8 et_pb_column et_pb_column_1_2 et-last-child et_block_column et_pb_css_mix_blend_mode_passthrough\"><div class=\"et_pb_image_2 et_pb_image et_pb_module et_block_module\"><span class=\"et_pb_image_wrap\"><img decoding=\"async\" src=\"https:\/\/woodboard.at\/wp-content\/uploads\/2020\/03\/20171230-IMGP7816-Kopie-1.jpg\" width=\"1600\" height=\"900\" srcset=\"https:\/\/woodboard.at\/wp-content\/uploads\/2020\/03\/20171230-IMGP7816-Kopie-1.jpg 1600w, https:\/\/woodboard.at\/wp-content\/uploads\/2020\/03\/20171230-IMGP7816-Kopie-1-1280x720.jpg 1280w, https:\/\/woodboard.at\/wp-content\/uploads\/2020\/03\/20171230-IMGP7816-Kopie-1-980x551.jpg 980w, https:\/\/woodboard.at\/wp-content\/uploads\/2020\/03\/20171230-IMGP7816-Kopie-1-480x270.jpg 480w\" sizes=\"(min-width: 0px) and (max-width: 480px) 480px, (min-width: 481px) and (max-width: 980px) 980px, (min-width: 981px) and (max-width: 1280px) 1280px, (min-width: 1281px) 1600px, 100vw\" class=\"wp-image-705\" title=\"20171230-IMGP7816-Kopie-1\" alt=\"Woodboard Kitesurfing Niki avec la Trash sur la plage durant le coucher de soleil\" \/><\/span><\/div><\/div><\/div><\/div><div class=\"et_pb_section_7 et_pb_section et_section_regular et_block_section\"><div class=\"et_pb_row_6 et_pb_row et_block_row\"><div class=\"et_pb_column_9 et_pb_column et_pb_column_4_4 et-last-child et_block_column et_pb_css_mix_blend_mode_passthrough\"><div class=\"et_pb_text_6 et_pb_text et_pb_bg_layout_light et_pb_module et_block_module\"><div class=\"et_pb_text_inner\"><h1 style=\"text-align: center;\">UNE RESPONSABILIT\u00c9 SOCIALE ET ENVIRONNEMENTALE<\/h1>\n<\/div><\/div><\/div><\/div><\/div><div class=\"et_pb_section_8 et_pb_section et_section_regular et_block_section\"><div class=\"et_pb_row_7 et_pb_row et_pb_equal_columns et_pb_gutters1 et_block_row\"><div class=\"et_pb_column_10 et_pb_column et_pb_column_1_2 et_block_column et_pb_css_mix_blend_mode_passthrough\"><div class=\"et_pb_image_3 et_pb_image et_pb_module et_block_module\"><span class=\"et_pb_image_wrap\"><img decoding=\"async\" src=\"https:\/\/woodboard.at\/wp-content\/uploads\/2020\/03\/20171216-IMGP6019.jpg\" width=\"1600\" height=\"900\" srcset=\"https:\/\/woodboard.at\/wp-content\/uploads\/2020\/03\/20171216-IMGP6019.jpg 1600w, https:\/\/woodboard.at\/wp-content\/uploads\/2020\/03\/20171216-IMGP6019-1280x720.jpg 1280w, https:\/\/woodboard.at\/wp-content\/uploads\/2020\/03\/20171216-IMGP6019-980x551.jpg 980w, https:\/\/woodboard.at\/wp-content\/uploads\/2020\/03\/20171216-IMGP6019-480x270.jpg 480w\" sizes=\"(min-width: 0px) and (max-width: 480px) 480px, (min-width: 481px) and (max-width: 980px) 980px, (min-width: 981px) and (max-width: 1280px) 1280px, (min-width: 1281px) 1600px, 100vw\" class=\"wp-image-704\" \/><\/span><\/div><\/div><div class=\"et_pb_column_11 et_pb_column et_pb_column_1_2 et-last-child et_block_column et_pb_css_mix_blend_mode_passthrough\"><div class=\"et_pb_text_7 et_pb_text et_pb_bg_layout_dark et_pb_module et_block_module\"><div class=\"et_pb_text_inner\"><h1>L\u2019\u00c9TIQUE<\/h1>\n<p><span style=\"font-weight: 400;\">Tous les produits de Woodboard sont fabriqu\u00e9s dans l'Union Europ\u00e9en. Tous les fournisseurs de mati\u00e8res premi\u00e8res sont situ\u00e9s dans l\u2019Union Europ\u00e9enne.\u00a0<\/span><\/p>\n<p><span style=\"font-weight: 400;\">Toutes les personnes impliqu\u00e9es dans le processus de fabrication sont employ\u00e9es conform\u00e9ment \u00e0 la l\u00e9gislation nationale du travail.<\/span><\/p>\n<p><span style=\"font-weight: 400;\">Nous utilisons du bois certifi\u00e9 FSC. Pendant le processus de fabrication, nous n'\u00e9mettons aucun gaz ni aucune particule fine dans l'environnement. Nous utilisons des films en poly\u00e9thyl\u00e8ne (PE) pour les emballages au lieu du polychlorure de vinyle (PVC) et du carton recycl\u00e9. Nous \u00e9vitons les longs trajets de transport et l'achat du mat\u00e9riel dans des pays \u00e0 bas salaires.<\/span><\/p>\n<\/div><\/div><\/div><\/div><\/div><div class=\"et_pb_section_9 et_pb_section et_section_regular et_block_section\"><div class=\"et_pb_row_8 et_pb_row et_block_row\"><div class=\"et_pb_column_12 et_pb_column et_pb_column_4_4 et-last-child et_block_column et_pb_css_mix_blend_mode_passthrough\"><div class=\"et_pb_text_8 et_pb_text et_pb_bg_layout_light et_pb_module et_block_module\"><div class=\"et_pb_text_inner\"><h1 style=\"text-align: center;\">LA DE FOR\u00caT WOODBOARD<\/h1>\n<\/div><\/div><\/div><\/div><\/div><div class=\"et_pb_section_10 et_pb_section et_section_regular et_block_section\"><div class=\"et_pb_row_9 et_pb_row et_pb_equal_columns et_pb_gutters1 et_block_row\"><div class=\"et_pb_column_13 et_pb_column et_pb_column_1_2 et_block_column et_pb_css_mix_blend_mode_passthrough\"><div class=\"et_pb_text_9 et_pb_text et_pb_bg_layout_dark et_pb_module et_block_module\"><div class=\"et_pb_text_inner\"><h1>CO2<\/h1>\n<p>Nous avons v\u00e9rifi\u00e9 diff\u00e9rents programmes de compensation de gaz vert. Finalement, nous avons d\u00e9cid\u00e9 de nous procurer notre propre bois. La for\u00eat de Woodboard est situ\u00e9e juste \u00e0 c\u00f4t\u00e9 de notre port d'attache en Autriche.<\/p>\n<p>Avec ses presque 1 hectare, il capture environ 10 tonnes de CO2 par an. Cela couvre les \u00e9missions de CO2 de notre production ainsi que certains vols transatlantiques de la famille Woodboard.<\/p>\n<\/div><\/div><\/div><div class=\"et_pb_column_14 et_pb_column et_pb_column_1_2 et-last-child et_block_column et_pb_css_mix_blend_mode_passthrough\"><div class=\"et_pb_image_4 et_pb_image et_pb_module et_block_module\"><span class=\"et_pb_image_wrap\"><img decoding=\"async\" src=\"https:\/\/woodboard.at\/wp-content\/uploads\/2022\/01\/Woodboard-Forest.jpg\" width=\"1600\" height=\"900\" srcset=\"https:\/\/woodboard.at\/wp-content\/uploads\/2022\/01\/Woodboard-Forest.jpg 1600w, https:\/\/woodboard.at\/wp-content\/uploads\/2022\/01\/Woodboard-Forest-1280x720.jpg 1280w, https:\/\/woodboard.at\/wp-content\/uploads\/2022\/01\/Woodboard-Forest-980x551.jpg 980w, https:\/\/woodboard.at\/wp-content\/uploads\/2022\/01\/Woodboard-Forest-480x270.jpg 480w\" sizes=\"(min-width: 0px) and (max-width: 480px) 480px, (min-width: 481px) and (max-width: 980px) 980px, (min-width: 981px) and (max-width: 1280px) 1280px, (min-width: 1281px) 1600px, 100vw\" class=\"wp-image-61578\" title=\"La for\u00eat Woodboard\" alt=\"La for\u00eat Woodboard\" \/><\/span><\/div><\/div><\/div><\/div><div class=\"et_pb_section_11 et_pb_section et_section_regular et_block_section\"><div class=\"et_pb_row_10 et_pb_row et_block_row\"><div class=\"et_pb_column_15 et_pb_column et_pb_column_4_4 et-last-child et_block_column et_pb_css_mix_blend_mode_passthrough\"><div class=\"et_pb_text_10 et_pb_text et_pb_bg_layout_light et_pb_module et_block_module\"><div class=\"et_pb_text_inner\"><h1 style=\"text-align: center;\">SUIVEZ-NOUS SUR NOS R\u00c9SEAUX SOCIAUX POUR RESTER \u00c0 JOUR<\/h1>\n<\/div><\/div><\/div><\/div><\/div>","protected":false},"excerpt":{"rendered":"","protected":false},"author":1,"featured_media":59143,"parent":0,"menu_order":0,"comment_status":"closed","ping_status":"closed","template":"","meta":{"footnotes":""},"class_list":["post-59775","page","type-page","status-publish","has-post-thumbnail","hentry"],"yoast_head":"<!-- This site is optimized with the Yoast SEO plugin v27.3 - https:\/\/yoast.com\/product\/yoast-seo-wordpress\/ -->\n<title>Woodboard - KITEBOARDS made in EU - Par riders et des in\u00e9gnieurs<\/title>\n<meta name=\"description\" content=\"Kiteboards fabriqu\u00e9es par des riders et des ing\u00e9nieurs, des produits de haute qualit\u00e9 et d&#039;excellentes performances avec un design cool !\" \/>\n<meta name=\"robots\" content=\"index, follow, max-snippet:-1, max-image-preview:large, max-video-preview:-1\" \/>\n<link rel=\"canonical\" href=\"https:\/\/woodboard.at\/fr\/a-propos\/\" \/>\n<meta property=\"og:locale\" content=\"fr_FR\" \/>\n<meta property=\"og:type\" content=\"article\" \/>\n<meta property=\"og:title\" content=\"Woodboard - KITEBOARDS made in EU - Par riders et des in\u00e9gnieurs\" \/>\n<meta property=\"og:description\" content=\"Kiteboards fabriqu\u00e9es par des riders et des ing\u00e9nieurs, des produits de haute qualit\u00e9 et d&#039;excellentes performances avec un design cool !\" \/>\n<meta property=\"og:url\" content=\"https:\/\/woodboard.at\/fr\/a-propos\/\" \/>\n<meta property=\"og:site_name\" content=\"Woodboard\" \/>\n<meta property=\"article:publisher\" content=\"https:\/\/www.facebook.com\/woodboard\/\" \/>\n<meta property=\"article:modified_time\" content=\"2026-02-28T15:19:22+00:00\" \/>\n<meta property=\"og:image\" content=\"https:\/\/dimgrey-walrus-153843.hostingersite.com\/wp-content\/uploads\/2020\/03\/20170113-2-IMGP0999.jpg\" \/>\n\t<meta property=\"og:image:width\" content=\"2000\" \/>\n\t<meta property=\"og:image:height\" content=\"1125\" \/>\n\t<meta property=\"og:image:type\" content=\"image\/jpeg\" \/>\n<meta name=\"twitter:card\" content=\"summary_large_image\" \/>\n<script type=\"application\/ld+json\" class=\"yoast-schema-graph\">{\"@context\":\"https:\\\/\\\/schema.org\",\"@graph\":[{\"@type\":\"WebPage\",\"@id\":\"https:\\\/\\\/woodboard.at\\\/fr\\\/a-propos\\\/\",\"url\":\"https:\\\/\\\/woodboard.at\\\/fr\\\/a-propos\\\/\",\"name\":\"Woodboard - KITEBOARDS made in EU - Par riders et des in\u00e9gnieurs\",\"isPartOf\":{\"@id\":\"https:\\\/\\\/dimgrey-walrus-153843.hostingersite.com\\\/#website\"},\"primaryImageOfPage\":{\"@id\":\"https:\\\/\\\/woodboard.at\\\/fr\\\/a-propos\\\/#primaryimage\"},\"image\":{\"@id\":\"https:\\\/\\\/woodboard.at\\\/fr\\\/a-propos\\\/#primaryimage\"},\"thumbnailUrl\":\"https:\\\/\\\/woodboard.at\\\/wp-content\\\/uploads\\\/2020\\\/03\\\/20170113-2-IMGP0999.jpg\",\"datePublished\":\"2020-03-25T11:25:42+00:00\",\"dateModified\":\"2026-02-28T15:19:22+00:00\",\"description\":\"Kiteboards fabriqu\u00e9es par des riders et des ing\u00e9nieurs, des produits de haute qualit\u00e9 et d'excellentes performances avec un design cool !\",\"breadcrumb\":{\"@id\":\"https:\\\/\\\/woodboard.at\\\/fr\\\/a-propos\\\/#breadcrumb\"},\"inLanguage\":\"fr-FR\",\"potentialAction\":[{\"@type\":\"ReadAction\",\"target\":[\"https:\\\/\\\/woodboard.at\\\/fr\\\/a-propos\\\/\"]}]},{\"@type\":\"ImageObject\",\"inLanguage\":\"fr-FR\",\"@id\":\"https:\\\/\\\/woodboard.at\\\/fr\\\/a-propos\\\/#primaryimage\",\"url\":\"https:\\\/\\\/woodboard.at\\\/wp-content\\\/uploads\\\/2020\\\/03\\\/20170113-2-IMGP0999.jpg\",\"contentUrl\":\"https:\\\/\\\/woodboard.at\\\/wp-content\\\/uploads\\\/2020\\\/03\\\/20170113-2-IMGP0999.jpg\",\"width\":2000,\"height\":1125,\"caption\":\"Woodboard Kitesurfing Chame avec Peter Lynn kite\"},{\"@type\":\"BreadcrumbList\",\"@id\":\"https:\\\/\\\/woodboard.at\\\/fr\\\/a-propos\\\/#breadcrumb\",\"itemListElement\":[{\"@type\":\"ListItem\",\"position\":1,\"name\":\"Home\",\"item\":\"https:\\\/\\\/woodboard.at\\\/fr\\\/accueil\\\/\"},{\"@type\":\"ListItem\",\"position\":2,\"name\":\"\u00c0 propos\"}]},{\"@type\":\"WebSite\",\"@id\":\"https:\\\/\\\/dimgrey-walrus-153843.hostingersite.com\\\/#website\",\"url\":\"https:\\\/\\\/dimgrey-walrus-153843.hostingersite.com\\\/\",\"name\":\"Woodboard\",\"description\":\"The finest rides on this planet!\",\"publisher\":{\"@id\":\"https:\\\/\\\/dimgrey-walrus-153843.hostingersite.com\\\/#organization\"},\"potentialAction\":[{\"@type\":\"SearchAction\",\"target\":{\"@type\":\"EntryPoint\",\"urlTemplate\":\"https:\\\/\\\/dimgrey-walrus-153843.hostingersite.com\\\/?s={search_term_string}\"},\"query-input\":{\"@type\":\"PropertyValueSpecification\",\"valueRequired\":true,\"valueName\":\"search_term_string\"}}],\"inLanguage\":\"fr-FR\"},{\"@type\":\"Organization\",\"@id\":\"https:\\\/\\\/dimgrey-walrus-153843.hostingersite.com\\\/#organization\",\"name\":\"WOODBOARD\",\"url\":\"https:\\\/\\\/dimgrey-walrus-153843.hostingersite.com\\\/\",\"logo\":{\"@type\":\"ImageObject\",\"inLanguage\":\"fr-FR\",\"@id\":\"https:\\\/\\\/dimgrey-walrus-153843.hostingersite.com\\\/#\\\/schema\\\/logo\\\/image\\\/\",\"url\":\"https:\\\/\\\/woodboard.at\\\/wp-content\\\/uploads\\\/2020\\\/03\\\/logo-woodboard-original_520.png\",\"contentUrl\":\"https:\\\/\\\/woodboard.at\\\/wp-content\\\/uploads\\\/2020\\\/03\\\/logo-woodboard-original_520.png\",\"width\":520,\"height\":206,\"caption\":\"WOODBOARD\"},\"image\":{\"@id\":\"https:\\\/\\\/dimgrey-walrus-153843.hostingersite.com\\\/#\\\/schema\\\/logo\\\/image\\\/\"},\"sameAs\":[\"https:\\\/\\\/www.facebook.com\\\/woodboard\\\/\",\"https:\\\/\\\/www.instagram.com\\\/woodboard.kitesurfing\\\/\",\"https:\\\/\\\/www.youtube.com\\\/channel\\\/UCpsmcBKDY4nzVL0nbn39RBg\"]}]}<\/script>\n<!-- \/ Yoast SEO plugin. -->","yoast_head_json":{"title":"Woodboard - KITEBOARDS made in EU - Par riders et des in\u00e9gnieurs","description":"Kiteboards fabriqu\u00e9es par des riders et des ing\u00e9nieurs, des produits de haute qualit\u00e9 et d'excellentes performances avec un design cool !","robots":{"index":"index","follow":"follow","max-snippet":"max-snippet:-1","max-image-preview":"max-image-preview:large","max-video-preview":"max-video-preview:-1"},"canonical":"https:\/\/woodboard.at\/fr\/a-propos\/","og_locale":"fr_FR","og_type":"article","og_title":"Woodboard - KITEBOARDS made in EU - Par riders et des in\u00e9gnieurs","og_description":"Kiteboards fabriqu\u00e9es par des riders et des ing\u00e9nieurs, des produits de haute qualit\u00e9 et d'excellentes performances avec un design cool !","og_url":"https:\/\/woodboard.at\/fr\/a-propos\/","og_site_name":"Woodboard","article_publisher":"https:\/\/www.facebook.com\/woodboard\/","article_modified_time":"2026-02-28T15:19:22+00:00","og_image":[{"width":2000,"height":1125,"url":"https:\/\/dimgrey-walrus-153843.hostingersite.com\/wp-content\/uploads\/2020\/03\/20170113-2-IMGP0999.jpg","type":"image\/jpeg"}],"twitter_card":"summary_large_image","schema":{"@context":"https:\/\/schema.org","@graph":[{"@type":"WebPage","@id":"https:\/\/woodboard.at\/fr\/a-propos\/","url":"https:\/\/woodboard.at\/fr\/a-propos\/","name":"Woodboard - KITEBOARDS made in EU - Par riders et des in\u00e9gnieurs","isPartOf":{"@id":"https:\/\/dimgrey-walrus-153843.hostingersite.com\/#website"},"primaryImageOfPage":{"@id":"https:\/\/woodboard.at\/fr\/a-propos\/#primaryimage"},"image":{"@id":"https:\/\/woodboard.at\/fr\/a-propos\/#primaryimage"},"thumbnailUrl":"https:\/\/woodboard.at\/wp-content\/uploads\/2020\/03\/20170113-2-IMGP0999.jpg","datePublished":"2020-03-25T11:25:42+00:00","dateModified":"2026-02-28T15:19:22+00:00","description":"Kiteboards fabriqu\u00e9es par des riders et des ing\u00e9nieurs, des produits de haute qualit\u00e9 et d'excellentes performances avec un design cool !","breadcrumb":{"@id":"https:\/\/woodboard.at\/fr\/a-propos\/#breadcrumb"},"inLanguage":"fr-FR","potentialAction":[{"@type":"ReadAction","target":["https:\/\/woodboard.at\/fr\/a-propos\/"]}]},{"@type":"ImageObject","inLanguage":"fr-FR","@id":"https:\/\/woodboard.at\/fr\/a-propos\/#primaryimage","url":"https:\/\/woodboard.at\/wp-content\/uploads\/2020\/03\/20170113-2-IMGP0999.jpg","contentUrl":"https:\/\/woodboard.at\/wp-content\/uploads\/2020\/03\/20170113-2-IMGP0999.jpg","width":2000,"height":1125,"caption":"Woodboard Kitesurfing Chame avec Peter Lynn kite"},{"@type":"BreadcrumbList","@id":"https:\/\/woodboard.at\/fr\/a-propos\/#breadcrumb","itemListElement":[{"@type":"ListItem","position":1,"name":"Home","item":"https:\/\/woodboard.at\/fr\/accueil\/"},{"@type":"ListItem","position":2,"name":"\u00c0 propos"}]},{"@type":"WebSite","@id":"https:\/\/dimgrey-walrus-153843.hostingersite.com\/#website","url":"https:\/\/dimgrey-walrus-153843.hostingersite.com\/","name":"Woodboard","description":"The finest rides on this planet!","publisher":{"@id":"https:\/\/dimgrey-walrus-153843.hostingersite.com\/#organization"},"potentialAction":[{"@type":"SearchAction","target":{"@type":"EntryPoint","urlTemplate":"https:\/\/dimgrey-walrus-153843.hostingersite.com\/?s={search_term_string}"},"query-input":{"@type":"PropertyValueSpecification","valueRequired":true,"valueName":"search_term_string"}}],"inLanguage":"fr-FR"},{"@type":"Organization","@id":"https:\/\/dimgrey-walrus-153843.hostingersite.com\/#organization","name":"WOODBOARD","url":"https:\/\/dimgrey-walrus-153843.hostingersite.com\/","logo":{"@type":"ImageObject","inLanguage":"fr-FR","@id":"https:\/\/dimgrey-walrus-153843.hostingersite.com\/#\/schema\/logo\/image\/","url":"https:\/\/woodboard.at\/wp-content\/uploads\/2020\/03\/logo-woodboard-original_520.png","contentUrl":"https:\/\/woodboard.at\/wp-content\/uploads\/2020\/03\/logo-woodboard-original_520.png","width":520,"height":206,"caption":"WOODBOARD"},"image":{"@id":"https:\/\/dimgrey-walrus-153843.hostingersite.com\/#\/schema\/logo\/image\/"},"sameAs":["https:\/\/www.facebook.com\/woodboard\/","https:\/\/www.instagram.com\/woodboard.kitesurfing\/","https:\/\/www.youtube.com\/channel\/UCpsmcBKDY4nzVL0nbn39RBg"]}]}},"_links":{"self":[{"href":"https:\/\/woodboard.at\/fr\/wp-json\/wp\/v2\/pages\/59775","targetHints":{"allow":["GET"]}}],"collection":[{"href":"https:\/\/woodboard.at\/fr\/wp-json\/wp\/v2\/pages"}],"about":[{"href":"https:\/\/woodboard.at\/fr\/wp-json\/wp\/v2\/types\/page"}],"author":[{"embeddable":true,"href":"https:\/\/woodboard.at\/fr\/wp-json\/wp\/v2\/users\/1"}],"replies":[{"embeddable":true,"href":"https:\/\/woodboard.at\/fr\/wp-json\/wp\/v2\/comments?post=59775"}],"version-history":[{"count":0,"href":"https:\/\/woodboard.at\/fr\/wp-json\/wp\/v2\/pages\/59775\/revisions"}],"wp:featuredmedia":[{"embeddable":true,"href":"https:\/\/woodboard.at\/fr\/wp-json\/wp\/v2\/media\/59143"}],"wp:attachment":[{"href":"https:\/\/woodboard.at\/fr\/wp-json\/wp\/v2\/media?parent=59775"}],"curies":[{"name":"wp","href":"https:\/\/api.w.org\/{rel}","templated":true}]}}