{"id":59769,"date":"2020-03-30T10:24:24","date_gmt":"2020-03-30T08:24:24","guid":{"rendered":"https:\/\/woodboard.at\/ingenierie\/"},"modified":"2026-02-28T16:19:22","modified_gmt":"2026-02-28T15:19:22","slug":"ingenierie","status":"publish","type":"page","link":"https:\/\/woodboard.at\/fr\/ingenierie\/","title":{"rendered":"Conception"},"content":{"rendered":"<div class=\"et_pb_section_0 et_pb_section et_pb_fullwidth_section et_section_regular et_block_section\"><section class=\"et_pb_fullwidth_header_0 et_pb_fullwidth_header et_pb_bg_layout_dark et_pb_text_align_left et_pb_section_parallax et_pb_module et_flex_module\"><span class=\"et-pb-parallax-wrapper\"><span class=\"et-pb-parallax-background et-pb-parallax-background-module--divi-fullwidth-header-0\" style=\"background-image:url(https:\/\/woodboard.at\/wp-content\/uploads\/2020\/03\/2017_04_27_Hamata-1423-e1585143740747.jpg)\"><\/span><\/span><div class=\"et_pb_fullwidth_header_container left\"><div class=\"header-content-container center\"><div class=\"header-content et_flex_module\"><h1 class=\"et_pb_module_header\">Conception<\/h1><div class=\"et_pb_header_button_wrapper\"><\/div><\/div><\/div><\/div><div class=\"et_pb_fullwidth_header_overlay\"><\/div><div class=\"et_pb_fullwidth_header_scroll\"><\/div><\/section><\/div><div class=\"et_pb_section_1 et_pb_section et_section_regular et_block_section\"><div class=\"et_pb_row_0 et_pb_row et_block_row\"><div class=\"et_pb_column_0 et_pb_column et_pb_column_4_4 et-last-child et_block_column et_pb_css_mix_blend_mode_passthrough\"><div class=\"et_pb_text_0 et_pb_text et_pb_bg_layout_light et_pb_module et_block_module\"><div class=\"et_pb_text_inner\"><h1 style=\"text-align: center;\"><b>LE PROCESSUS DE CONCEPTION<\/b><\/h1>\n<\/div><\/div><\/div><\/div><\/div><div class=\"et_pb_section_2 et_pb_section et_section_regular et_block_section\"><div class=\"et_pb_row_1 et_pb_row et_pb_equal_columns et_pb_gutters1 et_block_row\"><div class=\"et_pb_column_1 et_pb_column et_pb_column_1_2 et_block_column et_pb_css_mix_blend_mode_passthrough\"><div class=\"et_pb_text_1 et_pb_text et_pb_bg_layout_dark et_pb_module et_block_module\"><div class=\"et_pb_text_inner\"><h3 style=\"text-align: left;\"><b>Construction et conception 3-D compl\u00e8tes<\/b><\/h3>\n<p><span style=\"font-weight: 400;\">Nous concevons et construisons en 3D ! Ce mod\u00e8le 3D avec un outline sophistiqu\u00e9 et un rev\u00eatement bien pens\u00e9 en est la base.<\/span><\/p>\n<h3 style=\"text-align: left;\"><b>Calcul et s\u00e9lection des mat\u00e9riaux<\/b><\/h3>\n<p><span style=\"font-weight: 400;\">En fonction de l'application de la planche de kitesurf, nous s\u00e9lectionnons la bonne combinaison de mat\u00e9riaux et d\u00e9finissons la torsion, le flex et l'amortissement.<\/span><\/p>\n<h3 style=\"text-align: left;\"><b>Prototypage num\u00e9rique<\/b><\/h3>\n<p><span style=\"font-weight: 400;\">Nous cr\u00e9ons maintenant un prototype digital que nous utiliserons pour des simulations virtuelles de toutes les situations de navigation.<\/span><\/p>\n<\/div><\/div><\/div><div class=\"et_pb_column_2 et_pb_column et_pb_column_1_2 et-last-child et_block_column et_pb_css_mix_blend_mode_passthrough\"><div class=\"et_pb_image_0 et_pb_image et_pb_module et_block_module\"><span class=\"et_pb_image_wrap\"><img decoding=\"async\" src=\"https:\/\/woodboard.at\/wp-content\/uploads\/2020\/04\/woodboard-engineering-2.jpg\" width=\"1080\" height=\"747\" srcset=\"https:\/\/woodboard.at\/wp-content\/uploads\/2020\/04\/woodboard-engineering-2.jpg 1080w, https:\/\/woodboard.at\/wp-content\/uploads\/2020\/04\/woodboard-engineering-2-980x678.jpg 980w, https:\/\/woodboard.at\/wp-content\/uploads\/2020\/04\/woodboard-engineering-2-480x332.jpg 480w\" sizes=\"(min-width: 0px) and (max-width: 480px) 480px, (min-width: 481px) and (max-width: 980px) 980px, (min-width: 981px) 1080px, 100vw\" class=\"wp-image-55809\" \/><\/span><\/div><\/div><\/div><\/div><div class=\"et_pb_section_3 et_pb_section et_section_regular et_block_section\"><div class=\"et_pb_row_2 et_pb_row et_block_row\"><div class=\"et_pb_column_3 et_pb_column et_pb_column_4_4 et-last-child et_block_column et_pb_css_mix_blend_mode_passthrough\"><div class=\"et_pb_text_2 et_pb_text et_pb_bg_layout_light et_pb_module et_block_module\"><div class=\"et_pb_text_inner\"><h3 style=\"text-align: center;\">\u201cEn plus de notre marque WOODBOARD, nous sommes un bureau de conseils de conception multidisciplinaire qui propose des solutions sur mesure pour tout ce qui bouge dans l'eau. Nous nous concentrons actuellement sur les articles de sport tels que les planches de kitesurf.\u201d<\/h3>\n<\/div><\/div><\/div><\/div><\/div><div class=\"et_pb_section_4 et_pb_section et_section_regular et_block_section\"><div class=\"et_pb_row_3 et_pb_row et_pb_equal_columns et_pb_gutters1 et_block_row\"><div class=\"et_pb_column_4 et_pb_column et_pb_column_1_2 et_block_column et_pb_css_mix_blend_mode_passthrough\"><div class=\"et_pb_image_1 et_pb_image et_pb_module et_block_module\"><span class=\"et_pb_image_wrap\"><img decoding=\"async\" src=\"https:\/\/woodboard.at\/wp-content\/uploads\/2020\/04\/woodboard-engineering-1.jpg\" width=\"1080\" height=\"720\" srcset=\"https:\/\/woodboard.at\/wp-content\/uploads\/2020\/04\/woodboard-engineering-1.jpg 1080w, https:\/\/woodboard.at\/wp-content\/uploads\/2020\/04\/woodboard-engineering-1-980x653.jpg 980w, https:\/\/woodboard.at\/wp-content\/uploads\/2020\/04\/woodboard-engineering-1-480x320.jpg 480w\" sizes=\"(min-width: 0px) and (max-width: 480px) 480px, (min-width: 481px) and (max-width: 980px) 980px, (min-width: 981px) 1080px, 100vw\" class=\"wp-image-55808\" \/><\/span><\/div><\/div><div class=\"et_pb_column_5 et_pb_column et_pb_column_1_2 et-last-child et_block_column et_pb_css_mix_blend_mode_passthrough\"><div class=\"et_pb_text_3 et_pb_text et_pb_bg_layout_dark et_pb_module et_block_module\"><div class=\"et_pb_text_inner\"><h3 style=\"text-align: left;\">\u00c9valuation du produit et mesures<\/h3>\n<p><span style=\"font-weight: 400;\">Avec des capteurs high-tech, nous enregistrons les donn\u00e9es d'\u00e9coulement, les vibrations et les forces agissantes en conditions r\u00e9elles, durant des conditions de navigation r\u00e9elles.<\/span><\/p>\n<h3 style=\"text-align: left;\">Aspect visuel et finition<\/h3>\n<p><span style=\"font-weight: 400;\">Enfin, nous pouvons appliquer le design et choisir la texture de surface la plus adapt\u00e9e \u00e0 l'apparence g\u00e9n\u00e9rale de la planche.<\/span><\/p>\n<h3 style=\"text-align: left;\">Production et contr\u00f4le de qualit\u00e9<\/h3>\n<p><span style=\"font-weight: 400;\">Si le r\u00e9sultat des tests est conforme aux attentes, la production est alors lanc\u00e9e. Le contr\u00f4le de qualit\u00e9 et la tra\u00e7abilit\u00e9 \u00e0 100% compl\u00e8tent le processus de fabrication.<\/span><\/p>\n<\/div><\/div><\/div><\/div><\/div><div class=\"et_pb_section_5 et_pb_section et_section_regular et_block_section\"><div class=\"et_pb_row_4 et_pb_row et_block_row\"><div class=\"et_pb_column_6 et_pb_column et_pb_column_4_4 et-last-child et_block_column et_pb_css_mix_blend_mode_passthrough\"><div class=\"et_pb_text_4 et_pb_text et_pb_bg_layout_light et_pb_module et_block_module\"><div class=\"et_pb_text_inner\"><h1 style=\"text-align: center;\">SUIVEZ-NOUS SUR NOS R\u00c9SEAUX SOCIAUX POUR RESTER \u00c0 JOUR<\/h1>\n<\/div><\/div><\/div><\/div><\/div>","protected":false},"excerpt":{"rendered":"","protected":false},"author":1,"featured_media":0,"parent":0,"menu_order":0,"comment_status":"closed","ping_status":"closed","template":"","meta":{"footnotes":""},"class_list":["post-59769","page","type-page","status-publish","hentry"],"yoast_head":"<!-- This site is optimized with the Yoast SEO plugin v27.3 - https:\/\/yoast.com\/product\/yoast-seo-wordpress\/ -->\n<title>Conception de kiteboards - Woodboard - Premium kiteboards<\/title>\n<meta name=\"robots\" content=\"index, follow, max-snippet:-1, max-image-preview:large, max-video-preview:-1\" \/>\n<link rel=\"canonical\" href=\"https:\/\/woodboard.at\/fr\/ingenierie\/\" \/>\n<meta property=\"og:locale\" content=\"fr_FR\" \/>\n<meta property=\"og:type\" content=\"article\" \/>\n<meta property=\"og:title\" content=\"Conception de kiteboards - Woodboard - Premium kiteboards\" \/>\n<meta property=\"og:url\" content=\"https:\/\/woodboard.at\/fr\/ingenierie\/\" \/>\n<meta property=\"og:site_name\" content=\"Woodboard\" \/>\n<meta property=\"article:publisher\" content=\"https:\/\/www.facebook.com\/woodboard\/\" \/>\n<meta property=\"article:modified_time\" content=\"2026-02-28T15:19:22+00:00\" \/>\n<meta name=\"twitter:card\" content=\"summary_large_image\" \/>\n<script type=\"application\/ld+json\" class=\"yoast-schema-graph\">{\"@context\":\"https:\\\/\\\/schema.org\",\"@graph\":[{\"@type\":\"WebPage\",\"@id\":\"https:\\\/\\\/woodboard.at\\\/fr\\\/ingenierie\\\/\",\"url\":\"https:\\\/\\\/woodboard.at\\\/fr\\\/ingenierie\\\/\",\"name\":\"Conception de kiteboards - Woodboard - Premium kiteboards\",\"isPartOf\":{\"@id\":\"https:\\\/\\\/dimgrey-walrus-153843.hostingersite.com\\\/#website\"},\"datePublished\":\"2020-03-30T08:24:24+00:00\",\"dateModified\":\"2026-02-28T15:19:22+00:00\",\"breadcrumb\":{\"@id\":\"https:\\\/\\\/woodboard.at\\\/fr\\\/ingenierie\\\/#breadcrumb\"},\"inLanguage\":\"fr-FR\",\"potentialAction\":[{\"@type\":\"ReadAction\",\"target\":[\"https:\\\/\\\/woodboard.at\\\/fr\\\/ingenierie\\\/\"]}]},{\"@type\":\"BreadcrumbList\",\"@id\":\"https:\\\/\\\/woodboard.at\\\/fr\\\/ingenierie\\\/#breadcrumb\",\"itemListElement\":[{\"@type\":\"ListItem\",\"position\":1,\"name\":\"Home\",\"item\":\"https:\\\/\\\/woodboard.at\\\/fr\\\/accueil\\\/\"},{\"@type\":\"ListItem\",\"position\":2,\"name\":\"Conception\"}]},{\"@type\":\"WebSite\",\"@id\":\"https:\\\/\\\/dimgrey-walrus-153843.hostingersite.com\\\/#website\",\"url\":\"https:\\\/\\\/dimgrey-walrus-153843.hostingersite.com\\\/\",\"name\":\"Woodboard\",\"description\":\"The finest rides on this planet!\",\"publisher\":{\"@id\":\"https:\\\/\\\/dimgrey-walrus-153843.hostingersite.com\\\/#organization\"},\"potentialAction\":[{\"@type\":\"SearchAction\",\"target\":{\"@type\":\"EntryPoint\",\"urlTemplate\":\"https:\\\/\\\/dimgrey-walrus-153843.hostingersite.com\\\/?s={search_term_string}\"},\"query-input\":{\"@type\":\"PropertyValueSpecification\",\"valueRequired\":true,\"valueName\":\"search_term_string\"}}],\"inLanguage\":\"fr-FR\"},{\"@type\":\"Organization\",\"@id\":\"https:\\\/\\\/dimgrey-walrus-153843.hostingersite.com\\\/#organization\",\"name\":\"WOODBOARD\",\"url\":\"https:\\\/\\\/dimgrey-walrus-153843.hostingersite.com\\\/\",\"logo\":{\"@type\":\"ImageObject\",\"inLanguage\":\"fr-FR\",\"@id\":\"https:\\\/\\\/dimgrey-walrus-153843.hostingersite.com\\\/#\\\/schema\\\/logo\\\/image\\\/\",\"url\":\"https:\\\/\\\/woodboard.at\\\/wp-content\\\/uploads\\\/2020\\\/03\\\/logo-woodboard-original_520.png\",\"contentUrl\":\"https:\\\/\\\/woodboard.at\\\/wp-content\\\/uploads\\\/2020\\\/03\\\/logo-woodboard-original_520.png\",\"width\":520,\"height\":206,\"caption\":\"WOODBOARD\"},\"image\":{\"@id\":\"https:\\\/\\\/dimgrey-walrus-153843.hostingersite.com\\\/#\\\/schema\\\/logo\\\/image\\\/\"},\"sameAs\":[\"https:\\\/\\\/www.facebook.com\\\/woodboard\\\/\",\"https:\\\/\\\/www.instagram.com\\\/woodboard.kitesurfing\\\/\",\"https:\\\/\\\/www.youtube.com\\\/channel\\\/UCpsmcBKDY4nzVL0nbn39RBg\"]}]}<\/script>\n<!-- \/ Yoast SEO plugin. -->","yoast_head_json":{"title":"Conception de kiteboards - Woodboard - Premium kiteboards","robots":{"index":"index","follow":"follow","max-snippet":"max-snippet:-1","max-image-preview":"max-image-preview:large","max-video-preview":"max-video-preview:-1"},"canonical":"https:\/\/woodboard.at\/fr\/ingenierie\/","og_locale":"fr_FR","og_type":"article","og_title":"Conception de kiteboards - Woodboard - Premium kiteboards","og_url":"https:\/\/woodboard.at\/fr\/ingenierie\/","og_site_name":"Woodboard","article_publisher":"https:\/\/www.facebook.com\/woodboard\/","article_modified_time":"2026-02-28T15:19:22+00:00","twitter_card":"summary_large_image","schema":{"@context":"https:\/\/schema.org","@graph":[{"@type":"WebPage","@id":"https:\/\/woodboard.at\/fr\/ingenierie\/","url":"https:\/\/woodboard.at\/fr\/ingenierie\/","name":"Conception de kiteboards - Woodboard - Premium kiteboards","isPartOf":{"@id":"https:\/\/dimgrey-walrus-153843.hostingersite.com\/#website"},"datePublished":"2020-03-30T08:24:24+00:00","dateModified":"2026-02-28T15:19:22+00:00","breadcrumb":{"@id":"https:\/\/woodboard.at\/fr\/ingenierie\/#breadcrumb"},"inLanguage":"fr-FR","potentialAction":[{"@type":"ReadAction","target":["https:\/\/woodboard.at\/fr\/ingenierie\/"]}]},{"@type":"BreadcrumbList","@id":"https:\/\/woodboard.at\/fr\/ingenierie\/#breadcrumb","itemListElement":[{"@type":"ListItem","position":1,"name":"Home","item":"https:\/\/woodboard.at\/fr\/accueil\/"},{"@type":"ListItem","position":2,"name":"Conception"}]},{"@type":"WebSite","@id":"https:\/\/dimgrey-walrus-153843.hostingersite.com\/#website","url":"https:\/\/dimgrey-walrus-153843.hostingersite.com\/","name":"Woodboard","description":"The finest rides on this planet!","publisher":{"@id":"https:\/\/dimgrey-walrus-153843.hostingersite.com\/#organization"},"potentialAction":[{"@type":"SearchAction","target":{"@type":"EntryPoint","urlTemplate":"https:\/\/dimgrey-walrus-153843.hostingersite.com\/?s={search_term_string}"},"query-input":{"@type":"PropertyValueSpecification","valueRequired":true,"valueName":"search_term_string"}}],"inLanguage":"fr-FR"},{"@type":"Organization","@id":"https:\/\/dimgrey-walrus-153843.hostingersite.com\/#organization","name":"WOODBOARD","url":"https:\/\/dimgrey-walrus-153843.hostingersite.com\/","logo":{"@type":"ImageObject","inLanguage":"fr-FR","@id":"https:\/\/dimgrey-walrus-153843.hostingersite.com\/#\/schema\/logo\/image\/","url":"https:\/\/woodboard.at\/wp-content\/uploads\/2020\/03\/logo-woodboard-original_520.png","contentUrl":"https:\/\/woodboard.at\/wp-content\/uploads\/2020\/03\/logo-woodboard-original_520.png","width":520,"height":206,"caption":"WOODBOARD"},"image":{"@id":"https:\/\/dimgrey-walrus-153843.hostingersite.com\/#\/schema\/logo\/image\/"},"sameAs":["https:\/\/www.facebook.com\/woodboard\/","https:\/\/www.instagram.com\/woodboard.kitesurfing\/","https:\/\/www.youtube.com\/channel\/UCpsmcBKDY4nzVL0nbn39RBg"]}]}},"_links":{"self":[{"href":"https:\/\/woodboard.at\/fr\/wp-json\/wp\/v2\/pages\/59769","targetHints":{"allow":["GET"]}}],"collection":[{"href":"https:\/\/woodboard.at\/fr\/wp-json\/wp\/v2\/pages"}],"about":[{"href":"https:\/\/woodboard.at\/fr\/wp-json\/wp\/v2\/types\/page"}],"author":[{"embeddable":true,"href":"https:\/\/woodboard.at\/fr\/wp-json\/wp\/v2\/users\/1"}],"replies":[{"embeddable":true,"href":"https:\/\/woodboard.at\/fr\/wp-json\/wp\/v2\/comments?post=59769"}],"version-history":[{"count":0,"href":"https:\/\/woodboard.at\/fr\/wp-json\/wp\/v2\/pages\/59769\/revisions"}],"wp:attachment":[{"href":"https:\/\/woodboard.at\/fr\/wp-json\/wp\/v2\/media?parent=59769"}],"curies":[{"name":"wp","href":"https:\/\/api.w.org\/{rel}","templated":true}]}}