{"id":64594,"date":"2026-03-02T10:14:39","date_gmt":"2026-03-02T09:14:39","guid":{"rendered":"https:\/\/dimgrey-walrus-153843.hostingersite.com\/?post_type=product&#038;p=64594"},"modified":"2026-03-03T10:12:46","modified_gmt":"2026-03-03T09:12:46","slug":"crbn-litoral-copy","status":"publish","type":"product","link":"https:\/\/woodboard.at\/de\/kiteboard-shop\/crbn-litoral-copy\/","title":{"rendered":"CRBN 2026"},"content":{"rendered":"<div class=\"et_pb_section_0 et_pb_section et_section_regular et_block_section\">\n<div class=\"et_pb_row_0 et_pb_row et_block_row\">\n<div class=\"et_pb_column_0 et_pb_column et_pb_column_4_4 et-last-child et_block_column et_pb_css_mix_blend_mode_passthrough\">\n<div class=\"et_pb_wc_cart_notice_0 et_pb_wc_cart_notice et_pb_fields_layout_default et_pb_woo_custom_button_icon et_pb_module\" data-button-class=\"single_add_to_cart_button\" data-button-icon=\"5\" data-button-icon-tablet=\"\" data-button-icon-phone=\"\"><div class=\"et_pb_module_inner\">\n\t<div class=\"woocommerce-message\" role=\"alert\">\n\t\t&ldquo;Product Name&rdquo; has been added to cart.\t<\/div>\n<\/div><\/div>\n<\/div>\n<\/div>\n\n<div class=\"et_pb_row_1 et_pb_row et_block_row\">\n<div class=\"et_pb_column_1 et_pb_column et_pb_column_1_2 et_block_column et_pb_css_mix_blend_mode_passthrough\">\n<div class=\"et_pb_image_0 et_pb_image et_pb_module et_block_module\"><span class=\"et_pb_image_wrap\"><img decoding=\"async\" src=\"https:\/\/woodboard.at\/wp-content\/uploads\/2026\/03\/CRBN-26-ohne-H-os-1200x1200-unscharf.png\" alt=\"Freeride - Freestyle Kiteboard for intermediate and advanced riders!\" title=\"CRBN 26 ohne H os 1200x1200 unscharf\" width=\"1200\" height=\"1200\" srcset=\"https:\/\/woodboard.at\/wp-content\/uploads\/2026\/03\/CRBN-26-ohne-H-os-1200x1200-unscharf.png 1200w, https:\/\/woodboard.at\/wp-content\/uploads\/2026\/03\/CRBN-26-ohne-H-os-1200x1200-unscharf-980x980.png 980w, https:\/\/woodboard.at\/wp-content\/uploads\/2026\/03\/CRBN-26-ohne-H-os-1200x1200-unscharf-480x480.png 480w\" sizes=\"(min-width: 0px) and (max-width: 480px) 480px, (min-width: 481px) and (max-width: 980px) 980px, (min-width: 981px) 1200px, 100vw\" class=\"wp-image-64614\" \/><\/span><\/div>\n<\/div>\n\n<div class=\"et_pb_column_2 et_pb_column et_pb_column_1_2 et-last-child et_block_column et_pb_css_mix_blend_mode_passthrough\">\n<div class=\"et_pb_wc_title_0 et_pb_wc_title et_pb_bg_layout_light et_pb_module\"><div class=\"et_pb_module_inner\">\n\t\t<h1>CRBN 2026<\/h1><\/div><\/div>\n\n\n\n\n\n<div class=\"et_pb_text_0 et_pb_text et_pb_bg_layout_light et_pb_module et_block_module\"><div class=\"et_pb_text_inner\"><p>Coming soon!<\/p>\n<\/div><\/div>\n\n\n\n<div class=\"et_pb_image_1 et_pb_image et_pb_module et_block_module\"><span class=\"et_pb_image_wrap\"><img decoding=\"async\" src=\"https:\/\/woodboard.at\/wp-content\/uploads\/2020\/07\/payment.jpg\" width=\"450\" height=\"48\" srcset=\"https:\/\/woodboard.at\/wp-content\/uploads\/2020\/07\/payment.jpg 450w, https:\/\/woodboard.at\/wp-content\/uploads\/2020\/07\/payment-300x32.jpg 300w\" sizes=\"(max-width: 450px) 100vw, 450px\" class=\"wp-image-56582\" title=\"payment\" \/><\/span><\/div>\n\n\n<\/div>\n<\/div>\n<\/div>\n\n\n\n\n\n\n\n\n\n<div class=\"et_pb_section_5 et_pb_section et_section_regular et_block_section\">\n<div class=\"et_pb_row_8 et_pb_row et_block_row\">\n<div class=\"et_pb_column_15 et_pb_column et_pb_column_4_4 et-last-child et_block_column et_pb_css_mix_blend_mode_passthrough\">\n<div class=\"et_pb_text_7 et_pb_text et_pb_bg_layout_light et_pb_module et_block_module et_pb_text_align_center\"><div class=\"et_pb_text_inner\"><h2 style=\"text-align: center;\">Mehr Kiteboards<\/h2>\n<\/div><\/div>\n\n<div class=\"et_pb_group_carousel_2 et_pb_group_carousel et_pb_group et_pb_module et_pb_group_carousel_arrows_inside et_pb_group_carousel_dots_disabled et_pb_group_carousel_slides_5\"><div class=\"et_pb_group_carousel_container\"><div class=\"et_pb_group_carousel_track\"><div class=\"et_pb_group_carousel_slide\"><div class=\"et_pb_group_14 et_pb_group et_pb_module et_flex_group et_pb_css_mix_blend_mode_passthrough\">\n<div class=\"et_pb_blurb_14 et_pb_blurb et_pb_bg_layout_light et_pb_blurb_position_top et_clickable et_pb_module et_flex_module\"><div class=\"et_pb_blurb_content et_flex_module\"><div class=\"et_pb_main_blurb_image\"><span class=\"et_pb_image_wrap et_pb_only_image_mode_wrap\"><img decoding=\"async\" src=\"https:\/\/woodboard.at\/wp-content\/uploads\/2023\/02\/woodboard-crbn-2023-kiteboard-top.png\" alt=\"Woodboard CRBN Kiteboard for Freestyle and Freeride - Kitesurfing\" width=\"1200\" height=\"1200\" srcset=\"https:\/\/woodboard.at\/wp-content\/uploads\/2023\/02\/woodboard-crbn-2023-kiteboard-top.png 1200w, https:\/\/woodboard.at\/wp-content\/uploads\/2023\/02\/woodboard-crbn-2023-kiteboard-top-980x980.png 980w, https:\/\/woodboard.at\/wp-content\/uploads\/2023\/02\/woodboard-crbn-2023-kiteboard-top-480x480.png 480w\" sizes=\"(min-width: 0px) and (max-width: 480px) 480px, (min-width: 481px) and (max-width: 980px) 980px, (min-width: 981px) 1200px, 100vw\" class=\"wp-image-62561\" title=\"woodboard-crbn-2023-kiteboard-top\" \/><\/span><\/div><div class=\"et_pb_blurb_container\"><h3 class=\"et_pb_module_header\">CRBN<\/h3><\/div><\/div><\/div>\n<\/div><\/div><div class=\"et_pb_group_carousel_slide\"><div class=\"et_pb_group_15 et_pb_group et_pb_module et_flex_group et_pb_css_mix_blend_mode_passthrough\">\n<div class=\"et_pb_blurb_15 et_pb_blurb et_pb_bg_layout_light et_pb_blurb_position_top et_clickable et_pb_module et_flex_module\"><div class=\"et_pb_blurb_content et_flex_module\"><div class=\"et_pb_main_blurb_image\"><span class=\"et_pb_image_wrap et_pb_only_image_mode_wrap\"><img decoding=\"async\" src=\"https:\/\/woodboard.at\/wp-content\/uploads\/2024\/02\/woodboard-litoral-2024-kiteboard-top.png\" alt=\"Airstyle and Big Air Kiteboard for advanced riders!\" width=\"1200\" height=\"1200\" srcset=\"https:\/\/woodboard.at\/wp-content\/uploads\/2024\/02\/woodboard-litoral-2024-kiteboard-top.png 1200w, https:\/\/woodboard.at\/wp-content\/uploads\/2024\/02\/woodboard-litoral-2024-kiteboard-top-980x980.png 980w, https:\/\/woodboard.at\/wp-content\/uploads\/2024\/02\/woodboard-litoral-2024-kiteboard-top-480x480.png 480w\" sizes=\"(min-width: 0px) and (max-width: 480px) 480px, (min-width: 481px) and (max-width: 980px) 980px, (min-width: 981px) 1200px, 100vw\" class=\"wp-image-63285\" title=\"woodboard-litoral-2024-kiteboard-top\" \/><\/span><\/div><div class=\"et_pb_blurb_container\"><h3 class=\"et_pb_module_header\">CRBN Litoral<\/h3><\/div><\/div><\/div>\n<\/div><\/div><div class=\"et_pb_group_carousel_slide\"><div class=\"et_pb_group_16 et_pb_group et_pb_module et_flex_group et_pb_css_mix_blend_mode_passthrough\">\n<div class=\"et_pb_blurb_16 et_pb_blurb et_pb_bg_layout_light et_pb_blurb_position_top et_clickable et_pb_module et_flex_module\"><div class=\"et_pb_blurb_content et_flex_module\"><div class=\"et_pb_main_blurb_image\"><span class=\"et_pb_image_wrap et_pb_only_image_mode_wrap\"><img decoding=\"async\" src=\"https:\/\/woodboard.at\/wp-content\/uploads\/2021\/01\/woodboard-chame-2021-kiteboard-top.png\" alt=\"Woodboard Chame, an allround Freeride Twintip Kiteboard for hooked moves, Oldschool and Airstyle!\" width=\"1200\" height=\"1200\" srcset=\"https:\/\/woodboard.at\/wp-content\/uploads\/2021\/01\/woodboard-chame-2021-kiteboard-top.png 1200w, https:\/\/woodboard.at\/wp-content\/uploads\/2021\/01\/woodboard-chame-2021-kiteboard-top-980x980.png 980w, https:\/\/woodboard.at\/wp-content\/uploads\/2021\/01\/woodboard-chame-2021-kiteboard-top-480x480.png 480w\" sizes=\"(min-width: 0px) and (max-width: 480px) 480px, (min-width: 481px) and (max-width: 980px) 980px, (min-width: 981px) 1200px, 100vw\" class=\"wp-image-58598\" title=\"woodboard-chame-2021-kiteboard-top\" \/><\/span><\/div><div class=\"et_pb_blurb_container\"><h3 class=\"et_pb_module_header\">Chame<\/h3><\/div><\/div><\/div>\n<\/div><\/div><div class=\"et_pb_group_carousel_slide\"><div class=\"et_pb_group_17 et_pb_group et_pb_module et_flex_group et_pb_css_mix_blend_mode_passthrough\">\n<div class=\"et_pb_blurb_17 et_pb_blurb et_pb_bg_layout_light et_pb_blurb_position_top et_clickable et_pb_module et_flex_module\"><div class=\"et_pb_blurb_content et_flex_module\"><div class=\"et_pb_main_blurb_image\"><span class=\"et_pb_image_wrap et_pb_only_image_mode_wrap\"><img decoding=\"async\" src=\"https:\/\/woodboard.at\/wp-content\/uploads\/2021\/02\/woodboard-trash-2021-kiteboard-top.png\" alt=\"Kiteboard Woodboard Trash, a Freestyle Wakestyle Twintip for unhooked kitesurfing tricks!\" width=\"1200\" height=\"1200\" srcset=\"https:\/\/woodboard.at\/wp-content\/uploads\/2021\/02\/woodboard-trash-2021-kiteboard-top.png 1200w, https:\/\/woodboard.at\/wp-content\/uploads\/2021\/02\/woodboard-trash-2021-kiteboard-top-980x980.png 980w, https:\/\/woodboard.at\/wp-content\/uploads\/2021\/02\/woodboard-trash-2021-kiteboard-top-480x480.png 480w\" sizes=\"(min-width: 0px) and (max-width: 480px) 480px, (min-width: 481px) and (max-width: 980px) 980px, (min-width: 981px) 1200px, 100vw\" class=\"wp-image-58810\" title=\"woodboard-trash-2021-kiteboard-top\" \/><\/span><\/div><div class=\"et_pb_blurb_container\"><h3 class=\"et_pb_module_header\">Trash<\/h3><\/div><\/div><\/div>\n<\/div><\/div><div class=\"et_pb_group_carousel_slide\"><div class=\"et_pb_group_18 et_pb_group et_pb_module et_flex_group et_pb_css_mix_blend_mode_passthrough\">\n<div class=\"et_pb_blurb_18 et_pb_blurb et_pb_bg_layout_light et_pb_blurb_position_top et_clickable et_pb_module et_flex_module\"><div class=\"et_pb_blurb_content et_flex_module\"><div class=\"et_pb_main_blurb_image\"><span class=\"et_pb_image_wrap et_pb_only_image_mode_wrap\"><img decoding=\"async\" src=\"https:\/\/woodboard.at\/wp-content\/uploads\/2020\/03\/woodboard-beam-2021-kiteboard-top.png\" alt=\"Kiteboard Woodboard Beam, a freeride twintip kiteboard for beginners and intermediate riders.\" width=\"1200\" height=\"1200\" srcset=\"https:\/\/woodboard.at\/wp-content\/uploads\/2020\/03\/woodboard-beam-2021-kiteboard-top.png 1200w, https:\/\/woodboard.at\/wp-content\/uploads\/2020\/03\/woodboard-beam-2021-kiteboard-top-980x980.png 980w, https:\/\/woodboard.at\/wp-content\/uploads\/2020\/03\/woodboard-beam-2021-kiteboard-top-480x480.png 480w\" sizes=\"(min-width: 0px) and (max-width: 480px) 480px, (min-width: 481px) and (max-width: 980px) 980px, (min-width: 981px) 1200px, 100vw\" class=\"wp-image-58796\" title=\"woodboard-beam-2021-kiteboard-top\" \/><\/span><\/div><div class=\"et_pb_blurb_container\"><h3 class=\"et_pb_module_header\">Beam<\/h3><\/div><\/div><\/div>\n<\/div><\/div><div class=\"et_pb_group_carousel_slide\"><div class=\"et_pb_group_19 et_pb_group et-last-child et_pb_module et_flex_group et_pb_css_mix_blend_mode_passthrough\">\n<div class=\"et_pb_blurb_19 et_pb_blurb et_pb_bg_layout_light et_pb_blurb_position_top et_clickable et_pb_module et_flex_module\"><div class=\"et_pb_blurb_content et_flex_module\"><div class=\"et_pb_main_blurb_image\"><span class=\"et_pb_image_wrap et_pb_only_image_mode_wrap\"><img decoding=\"async\" src=\"https:\/\/woodboard.at\/wp-content\/uploads\/2021\/03\/woodboard-aktaia-strapless-freestyle-freeride-kiteboard-top.png\" alt=\"woodboard aktaia strapless freestyle freeride kiteboard\" width=\"1200\" height=\"1199\" srcset=\"https:\/\/woodboard.at\/wp-content\/uploads\/2021\/03\/woodboard-aktaia-strapless-freestyle-freeride-kiteboard-top.png 1200w, https:\/\/woodboard.at\/wp-content\/uploads\/2021\/03\/woodboard-aktaia-strapless-freestyle-freeride-kiteboard-top-980x979.png 980w, https:\/\/woodboard.at\/wp-content\/uploads\/2021\/03\/woodboard-aktaia-strapless-freestyle-freeride-kiteboard-top-480x480.png 480w\" sizes=\"(min-width: 0px) and (max-width: 480px) 480px, (min-width: 481px) and (max-width: 980px) 980px, (min-width: 981px) 1200px, 100vw\" class=\"wp-image-61236\" title=\"woodboard-aktaia-strapless-freestyle-freeride-kiteboard-top\" \/><\/span><\/div><div class=\"et_pb_blurb_container\"><h3 class=\"et_pb_module_header\">Aktaia<\/h3><\/div><\/div><\/div>\n<\/div><\/div><\/div><\/div><span class=\"et_pb_group_carousel_arrow et_pb_group_carousel_arrow_prev\" role=\"button\" tabindex=\"0\" aria-label=\"Previous slide\"><span class=\"et-pb-icon\">4<\/span><\/span><span class=\"et_pb_group_carousel_arrow et_pb_group_carousel_arrow_next\" role=\"button\" tabindex=\"0\" aria-label=\"Next slide\"><span class=\"et-pb-icon\">5<\/span><\/span><\/div>\n<\/div>\n<\/div>\n<\/div>","protected":false},"excerpt":{"rendered":"<h4>Freeride &#8211; Freestyle Kiteboard for intermediate and advanced riders!<\/h4>\n","protected":false},"featured_media":64615,"template":"","meta":[],"product_brand":[],"product_cat":[81,82],"product_tag":[],"class_list":{"0":"post-64594","1":"product","2":"type-product","3":"status-publish","4":"has-post-thumbnail","6":"product_cat-kiteboards-de","7":"product_cat-twintip-de","8":"product_shipping_class-board-de","10":"first","11":"outofstock","12":"taxable","13":"shipping-taxable","14":"purchasable","15":"product-type-variable","16":"has-default-attributes"},"yoast_head":"<!-- This site is optimized with the Yoast SEO plugin v27.3 - https:\/\/yoast.com\/product\/yoast-seo-wordpress\/ -->\n<title>Airstyle and Big Air Kiteboard - Woodboard CRBN 2026<\/title>\n<meta name=\"description\" content=\"Freeride - Freestyle Kiteboard f\u00fcr Aufsteiger und fortgeschrittene Kiter mit top Low End, exzellent zum H\u00f6he laufen, perfekt f\u00fcr Oldschool Hooked Freestyle.\" \/>\n<meta name=\"robots\" content=\"index, follow, max-snippet:-1, max-image-preview:large, max-video-preview:-1\" \/>\n<link rel=\"canonical\" href=\"https:\/\/woodboard.at\/de\/kiteboard-shop\/crbn-litoral-copy\/\" \/>\n<meta property=\"og:locale\" content=\"de_DE\" \/>\n<meta property=\"og:type\" content=\"article\" \/>\n<meta property=\"og:title\" content=\"Airstyle and Big Air Kiteboard - Woodboard CRBN 2026\" \/>\n<meta property=\"og:description\" content=\"Freeride - Freestyle Kiteboard f\u00fcr Aufsteiger und fortgeschrittene Kiter mit top Low End, exzellent zum H\u00f6he laufen, perfekt f\u00fcr Oldschool Hooked Freestyle.\" \/>\n<meta property=\"og:url\" content=\"https:\/\/woodboard.at\/de\/kiteboard-shop\/crbn-litoral-copy\/\" \/>\n<meta property=\"og:site_name\" content=\"Woodboard\" \/>\n<meta property=\"article:publisher\" content=\"https:\/\/www.facebook.com\/woodboard\/\" \/>\n<meta property=\"article:modified_time\" content=\"2026-03-03T09:12:46+00:00\" \/>\n<meta property=\"og:image\" content=\"https:\/\/woodboard.at\/wp-content\/uploads\/2026\/03\/CRBN-26-ohne-H-os-1200x1200-unscharf.png\" \/>\n\t<meta property=\"og:image:width\" content=\"1200\" \/>\n\t<meta property=\"og:image:height\" content=\"1200\" \/>\n\t<meta property=\"og:image:type\" content=\"image\/png\" \/>\n<meta name=\"twitter:card\" content=\"summary_large_image\" \/>\n<script type=\"application\/ld+json\" class=\"yoast-schema-graph\">{\"@context\":\"https:\\\/\\\/schema.org\",\"@graph\":[{\"@type\":\"WebPage\",\"@id\":\"https:\\\/\\\/woodboard.at\\\/de\\\/kiteboard-shop\\\/crbn-litoral-copy\\\/\",\"url\":\"https:\\\/\\\/woodboard.at\\\/de\\\/kiteboard-shop\\\/crbn-litoral-copy\\\/\",\"name\":\"Airstyle and Big Air Kiteboard - Woodboard CRBN 2026\",\"isPartOf\":{\"@id\":\"https:\\\/\\\/dimgrey-walrus-153843.hostingersite.com\\\/#website\"},\"primaryImageOfPage\":{\"@id\":\"https:\\\/\\\/woodboard.at\\\/de\\\/kiteboard-shop\\\/crbn-litoral-copy\\\/#primaryimage\"},\"image\":{\"@id\":\"https:\\\/\\\/woodboard.at\\\/de\\\/kiteboard-shop\\\/crbn-litoral-copy\\\/#primaryimage\"},\"thumbnailUrl\":\"https:\\\/\\\/woodboard.at\\\/wp-content\\\/uploads\\\/2026\\\/03\\\/CRBN-26-ohne-H-os-1200x1200-unscharf.png\",\"datePublished\":\"2026-03-02T09:14:39+00:00\",\"dateModified\":\"2026-03-03T09:12:46+00:00\",\"description\":\"Freeride - Freestyle Kiteboard f\u00fcr Aufsteiger und fortgeschrittene Kiter mit top Low End, exzellent zum H\u00f6he laufen, perfekt f\u00fcr Oldschool Hooked Freestyle.\",\"breadcrumb\":{\"@id\":\"https:\\\/\\\/woodboard.at\\\/de\\\/kiteboard-shop\\\/crbn-litoral-copy\\\/#breadcrumb\"},\"inLanguage\":\"de-DE\",\"potentialAction\":[{\"@type\":\"ReadAction\",\"target\":[\"https:\\\/\\\/woodboard.at\\\/de\\\/kiteboard-shop\\\/crbn-litoral-copy\\\/\"]}]},{\"@type\":\"ImageObject\",\"inLanguage\":\"de-DE\",\"@id\":\"https:\\\/\\\/woodboard.at\\\/de\\\/kiteboard-shop\\\/crbn-litoral-copy\\\/#primaryimage\",\"url\":\"https:\\\/\\\/woodboard.at\\\/wp-content\\\/uploads\\\/2026\\\/03\\\/CRBN-26-ohne-H-os-1200x1200-unscharf.png\",\"contentUrl\":\"https:\\\/\\\/woodboard.at\\\/wp-content\\\/uploads\\\/2026\\\/03\\\/CRBN-26-ohne-H-os-1200x1200-unscharf.png\",\"width\":1200,\"height\":1200,\"caption\":\"Freeride - Freestyle Kiteboard for intermediate and advanced riders!\"},{\"@type\":\"BreadcrumbList\",\"@id\":\"https:\\\/\\\/woodboard.at\\\/de\\\/kiteboard-shop\\\/crbn-litoral-copy\\\/#breadcrumb\",\"itemListElement\":[{\"@type\":\"ListItem\",\"position\":1,\"name\":\"Home\",\"item\":\"https:\\\/\\\/woodboard.at\\\/de\\\/home\\\/\"},{\"@type\":\"ListItem\",\"position\":2,\"name\":\"Shop\",\"item\":\"https:\\\/\\\/woodboard.at\\\/shop\\\/\"},{\"@type\":\"ListItem\",\"position\":3,\"name\":\"Kiteboards\",\"item\":\"https:\\\/\\\/woodboard.at\\\/de\\\/produkt-kategorie\\\/kiteboards-de\\\/\"},{\"@type\":\"ListItem\",\"position\":4,\"name\":\"CRBN 2026\"}]},{\"@type\":\"WebSite\",\"@id\":\"https:\\\/\\\/dimgrey-walrus-153843.hostingersite.com\\\/#website\",\"url\":\"https:\\\/\\\/dimgrey-walrus-153843.hostingersite.com\\\/\",\"name\":\"Woodboard\",\"description\":\"The finest rides on this planet!\",\"publisher\":{\"@id\":\"https:\\\/\\\/dimgrey-walrus-153843.hostingersite.com\\\/#organization\"},\"potentialAction\":[{\"@type\":\"SearchAction\",\"target\":{\"@type\":\"EntryPoint\",\"urlTemplate\":\"https:\\\/\\\/dimgrey-walrus-153843.hostingersite.com\\\/?s={search_term_string}\"},\"query-input\":{\"@type\":\"PropertyValueSpecification\",\"valueRequired\":true,\"valueName\":\"search_term_string\"}}],\"inLanguage\":\"de-DE\"},{\"@type\":\"Organization\",\"@id\":\"https:\\\/\\\/dimgrey-walrus-153843.hostingersite.com\\\/#organization\",\"name\":\"WOODBOARD\",\"url\":\"https:\\\/\\\/dimgrey-walrus-153843.hostingersite.com\\\/\",\"logo\":{\"@type\":\"ImageObject\",\"inLanguage\":\"de-DE\",\"@id\":\"https:\\\/\\\/dimgrey-walrus-153843.hostingersite.com\\\/#\\\/schema\\\/logo\\\/image\\\/\",\"url\":\"https:\\\/\\\/woodboard.at\\\/wp-content\\\/uploads\\\/2020\\\/03\\\/logo-woodboard-original_520.png\",\"contentUrl\":\"https:\\\/\\\/woodboard.at\\\/wp-content\\\/uploads\\\/2020\\\/03\\\/logo-woodboard-original_520.png\",\"width\":520,\"height\":206,\"caption\":\"WOODBOARD\"},\"image\":{\"@id\":\"https:\\\/\\\/dimgrey-walrus-153843.hostingersite.com\\\/#\\\/schema\\\/logo\\\/image\\\/\"},\"sameAs\":[\"https:\\\/\\\/www.facebook.com\\\/woodboard\\\/\",\"https:\\\/\\\/www.instagram.com\\\/woodboard.kitesurfing\\\/\",\"https:\\\/\\\/www.youtube.com\\\/channel\\\/UCpsmcBKDY4nzVL0nbn39RBg\"]}]}<\/script>\n<!-- \/ Yoast SEO plugin. -->","yoast_head_json":{"title":"Airstyle and Big Air Kiteboard - Woodboard CRBN 2026","description":"Freeride - Freestyle Kiteboard f\u00fcr Aufsteiger und fortgeschrittene Kiter mit top Low End, exzellent zum H\u00f6he laufen, perfekt f\u00fcr Oldschool Hooked Freestyle.","robots":{"index":"index","follow":"follow","max-snippet":"max-snippet:-1","max-image-preview":"max-image-preview:large","max-video-preview":"max-video-preview:-1"},"canonical":"https:\/\/woodboard.at\/de\/kiteboard-shop\/crbn-litoral-copy\/","og_locale":"de_DE","og_type":"article","og_title":"Airstyle and Big Air Kiteboard - Woodboard CRBN 2026","og_description":"Freeride - Freestyle Kiteboard f\u00fcr Aufsteiger und fortgeschrittene Kiter mit top Low End, exzellent zum H\u00f6he laufen, perfekt f\u00fcr Oldschool Hooked Freestyle.","og_url":"https:\/\/woodboard.at\/de\/kiteboard-shop\/crbn-litoral-copy\/","og_site_name":"Woodboard","article_publisher":"https:\/\/www.facebook.com\/woodboard\/","article_modified_time":"2026-03-03T09:12:46+00:00","og_image":[{"width":1200,"height":1200,"url":"https:\/\/woodboard.at\/wp-content\/uploads\/2026\/03\/CRBN-26-ohne-H-os-1200x1200-unscharf.png","type":"image\/png"}],"twitter_card":"summary_large_image","schema":{"@context":"https:\/\/schema.org","@graph":[{"@type":"WebPage","@id":"https:\/\/woodboard.at\/de\/kiteboard-shop\/crbn-litoral-copy\/","url":"https:\/\/woodboard.at\/de\/kiteboard-shop\/crbn-litoral-copy\/","name":"Airstyle and Big Air Kiteboard - Woodboard CRBN 2026","isPartOf":{"@id":"https:\/\/dimgrey-walrus-153843.hostingersite.com\/#website"},"primaryImageOfPage":{"@id":"https:\/\/woodboard.at\/de\/kiteboard-shop\/crbn-litoral-copy\/#primaryimage"},"image":{"@id":"https:\/\/woodboard.at\/de\/kiteboard-shop\/crbn-litoral-copy\/#primaryimage"},"thumbnailUrl":"https:\/\/woodboard.at\/wp-content\/uploads\/2026\/03\/CRBN-26-ohne-H-os-1200x1200-unscharf.png","datePublished":"2026-03-02T09:14:39+00:00","dateModified":"2026-03-03T09:12:46+00:00","description":"Freeride - Freestyle Kiteboard f\u00fcr Aufsteiger und fortgeschrittene Kiter mit top Low End, exzellent zum H\u00f6he laufen, perfekt f\u00fcr Oldschool Hooked Freestyle.","breadcrumb":{"@id":"https:\/\/woodboard.at\/de\/kiteboard-shop\/crbn-litoral-copy\/#breadcrumb"},"inLanguage":"de-DE","potentialAction":[{"@type":"ReadAction","target":["https:\/\/woodboard.at\/de\/kiteboard-shop\/crbn-litoral-copy\/"]}]},{"@type":"ImageObject","inLanguage":"de-DE","@id":"https:\/\/woodboard.at\/de\/kiteboard-shop\/crbn-litoral-copy\/#primaryimage","url":"https:\/\/woodboard.at\/wp-content\/uploads\/2026\/03\/CRBN-26-ohne-H-os-1200x1200-unscharf.png","contentUrl":"https:\/\/woodboard.at\/wp-content\/uploads\/2026\/03\/CRBN-26-ohne-H-os-1200x1200-unscharf.png","width":1200,"height":1200,"caption":"Freeride - Freestyle Kiteboard for intermediate and advanced riders!"},{"@type":"BreadcrumbList","@id":"https:\/\/woodboard.at\/de\/kiteboard-shop\/crbn-litoral-copy\/#breadcrumb","itemListElement":[{"@type":"ListItem","position":1,"name":"Home","item":"https:\/\/woodboard.at\/de\/home\/"},{"@type":"ListItem","position":2,"name":"Shop","item":"https:\/\/woodboard.at\/shop\/"},{"@type":"ListItem","position":3,"name":"Kiteboards","item":"https:\/\/woodboard.at\/de\/produkt-kategorie\/kiteboards-de\/"},{"@type":"ListItem","position":4,"name":"CRBN 2026"}]},{"@type":"WebSite","@id":"https:\/\/dimgrey-walrus-153843.hostingersite.com\/#website","url":"https:\/\/dimgrey-walrus-153843.hostingersite.com\/","name":"Woodboard","description":"The finest rides on this planet!","publisher":{"@id":"https:\/\/dimgrey-walrus-153843.hostingersite.com\/#organization"},"potentialAction":[{"@type":"SearchAction","target":{"@type":"EntryPoint","urlTemplate":"https:\/\/dimgrey-walrus-153843.hostingersite.com\/?s={search_term_string}"},"query-input":{"@type":"PropertyValueSpecification","valueRequired":true,"valueName":"search_term_string"}}],"inLanguage":"de-DE"},{"@type":"Organization","@id":"https:\/\/dimgrey-walrus-153843.hostingersite.com\/#organization","name":"WOODBOARD","url":"https:\/\/dimgrey-walrus-153843.hostingersite.com\/","logo":{"@type":"ImageObject","inLanguage":"de-DE","@id":"https:\/\/dimgrey-walrus-153843.hostingersite.com\/#\/schema\/logo\/image\/","url":"https:\/\/woodboard.at\/wp-content\/uploads\/2020\/03\/logo-woodboard-original_520.png","contentUrl":"https:\/\/woodboard.at\/wp-content\/uploads\/2020\/03\/logo-woodboard-original_520.png","width":520,"height":206,"caption":"WOODBOARD"},"image":{"@id":"https:\/\/dimgrey-walrus-153843.hostingersite.com\/#\/schema\/logo\/image\/"},"sameAs":["https:\/\/www.facebook.com\/woodboard\/","https:\/\/www.instagram.com\/woodboard.kitesurfing\/","https:\/\/www.youtube.com\/channel\/UCpsmcBKDY4nzVL0nbn39RBg"]}]}},"_links":{"self":[{"href":"https:\/\/woodboard.at\/de\/wp-json\/wp\/v2\/product\/64594","targetHints":{"allow":["GET"]}}],"collection":[{"href":"https:\/\/woodboard.at\/de\/wp-json\/wp\/v2\/product"}],"about":[{"href":"https:\/\/woodboard.at\/de\/wp-json\/wp\/v2\/types\/product"}],"wp:featuredmedia":[{"embeddable":true,"href":"https:\/\/woodboard.at\/de\/wp-json\/wp\/v2\/media\/64615"}],"wp:attachment":[{"href":"https:\/\/woodboard.at\/de\/wp-json\/wp\/v2\/media?parent=64594"}],"wp:term":[{"taxonomy":"product_brand","embeddable":true,"href":"https:\/\/woodboard.at\/de\/wp-json\/wp\/v2\/product_brand?post=64594"},{"taxonomy":"product_cat","embeddable":true,"href":"https:\/\/woodboard.at\/de\/wp-json\/wp\/v2\/product_cat?post=64594"},{"taxonomy":"product_tag","embeddable":true,"href":"https:\/\/woodboard.at\/de\/wp-json\/wp\/v2\/product_tag?post=64594"}],"curies":[{"name":"wp","href":"https:\/\/api.w.org\/{rel}","templated":true}]}}