{"id":56653,"date":"2018-03-16T18:30:56","date_gmt":"2018-03-16T17:30:56","guid":{"rendered":"https:\/\/woodboard.at\/testcenter\/"},"modified":"2026-03-13T10:18:30","modified_gmt":"2026-03-13T09:18:30","slug":"testcenter","status":"publish","type":"page","link":"https:\/\/woodboard.at\/de\/testcenter\/","title":{"rendered":"Testcenter"},"content":{"rendered":"<div class=\"et_pb_section_0 et_pb_section et_pb_fullwidth_section et_section_regular et_block_section\">\n<section class=\"et_pb_fullwidth_header_0 et_pb_fullwidth_header et_pb_bg_layout_dark et_pb_text_align_left et_pb_section_parallax et_pb_module et_flex_module\"><span class=\"et-pb-parallax-wrapper\"><span class=\"et-pb-parallax-background et-pb-parallax-background-module--divi-fullwidth-header-0\" style=\"background-image:url(https:\/\/woodboard.at\/wp-content\/uploads\/2020\/03\/03_Neretva-023.jpg)\"><\/span><\/span><div class=\"et_pb_fullwidth_header_container left\"><div class=\"header-content-container center\"><div class=\"header-content et_flex_module\"><h1 class=\"et_pb_module_header\">Testcenter<\/h1><div class=\"et_pb_header_button_wrapper\"><\/div><\/div><\/div><\/div><div class=\"et_pb_fullwidth_header_overlay\"><\/div><div class=\"et_pb_fullwidth_header_scroll\"><\/div><\/section>\n<\/div>\n\n<div class=\"et_pb_section_1 et_pb_section et_section_regular et_block_section\">\n<div class=\"et_pb_row_0 et_pb_row et_block_row\">\n<div class=\"et_pb_column_0 et_pb_column et_pb_column_4_4 et-last-child et_block_column et_pb_css_mix_blend_mode_passthrough\">\n<div class=\"et_pb_text_0 et_pb_text et_pb_bg_layout_light et_pb_module et_block_module\"><div class=\"et_pb_text_inner\"><h1 style=\"text-align: center;\">NOCH NICHT SICHER?<\/h1>\n<\/div><\/div>\n<\/div>\n<\/div>\n\n<div class=\"et_pb_row_1 et_pb_row et_block_row\">\n<div class=\"et_pb_column_1 et_pb_column et_pb_column_1_2 et_block_column et_pb_css_mix_blend_mode_passthrough\">\n<div class=\"et_pb_image_0 et_pb_image et_animated et_pb_module et_block_module\"><span class=\"et_pb_image_wrap\"><img decoding=\"async\" src=\"https:\/\/woodboard.at\/wp-content\/uploads\/2020\/03\/03_Neretva-015.jpg\" width=\"1600\" height=\"900\" srcset=\"https:\/\/woodboard.at\/wp-content\/uploads\/2020\/03\/03_Neretva-015.jpg 1600w, https:\/\/woodboard.at\/wp-content\/uploads\/2020\/03\/03_Neretva-015-1280x720.jpg 1280w, https:\/\/woodboard.at\/wp-content\/uploads\/2020\/03\/03_Neretva-015-980x551.jpg 980w, https:\/\/woodboard.at\/wp-content\/uploads\/2020\/03\/03_Neretva-015-480x270.jpg 480w\" sizes=\"(min-width: 0px) and (max-width: 480px) 480px, (min-width: 481px) and (max-width: 980px) 980px, (min-width: 981px) and (max-width: 1280px) 1280px, (min-width: 1281px) 1600px, 100vw\" class=\"wp-image-51889\" \/><\/span><\/div>\n<\/div>\n\n<div class=\"et_pb_column_2 et_pb_column et_pb_column_1_2 et-last-child et_block_column et_pb_css_mix_blend_mode_passthrough\">\n<div class=\"et_pb_text_1 et_pb_text et_pb_bg_layout_light et_pb_module et_block_module\"><div class=\"et_pb_text_inner\"><h4>Du m\u00f6chtest dir kein Woodboard kaufen, ohne es vorher auszuprobieren?<\/h4>\n<p>Kein Problem! Komm einfach zu uns auf den Neusiedler See und teste ein Woodboard deiner Wahl. Bei unserem Partner Kitesurfing.at in Podersdorf!  <\/p>\n<p>Auch in Italien auf Sizilien und in Griechenland auf Rhodos haben wir Testcenter, wo du dich von den einzigartigen Fahreigenschaften unserer Kiteboards \u00fcberzeugen kannst!<\/p>\n<p>Wind Water Wine (IT), Surfingbird (GR) und Mansokite (PAN) freuen sich, dich begr\u00fc\u00dfen zu d\u00fcrfen. Am besten du fragst gleich an! <\/p>\n<p>Alle Kontaktdaten und weitere Shops in deiner N\u00e4he findest du auf unserer <a href=\"https:\/\/woodboard.at\/de\/kontakt\/\">Kontaktseite<\/a>!<\/p>\n<\/div><\/div>\n<\/div>\n<\/div>\n<\/div>\n\n<div class=\"et_pb_section_2 et_pb_section et_section_regular et_block_section\">\n<div class=\"et_pb_row_2 et_pb_row et_block_row\">\n<div class=\"et_pb_column_3 et_pb_column et_pb_column_4_4 et-last-child et_block_column et_pb_css_mix_blend_mode_passthrough\">\n<div class=\"et_pb_text_2 et_pb_text et_pb_bg_layout_light et_pb_module et_block_module\"><div class=\"et_pb_text_inner\"><h2 style=\"text-align: center;\">SCHON SICHER? DANN BESUCHE UNSEREN SHOP! <\/h2>\n<\/div><\/div>\n\n<div class=\"et_pb_group_carousel_0 et_pb_group_carousel et_pb_group et_pb_module et_pb_group_carousel_arrows_inside et_pb_group_carousel_dots_disabled et_pb_group_carousel_slides_3\"><div class=\"et_pb_group_carousel_container\"><div class=\"et_pb_group_carousel_track\"><div class=\"et_pb_group_carousel_slide\"><div class=\"et_pb_group_0 et_pb_group et_pb_module et_flex_group et_pb_css_mix_blend_mode_passthrough\"><div class=\"et_pb_blurb_0 et_pb_blurb et_pb_bg_layout_light et_pb_blurb_position_top et_clickable et_pb_module et_flex_module\"><div class=\"et_pb_blurb_content et_flex_module\"><div class=\"et_pb_main_blurb_image\"><span class=\"et_pb_image_wrap et_pb_only_image_mode_wrap\"><img decoding=\"async\" src=\"https:\/\/woodboard.at\/wp-content\/uploads\/2023\/02\/woodboard-crbn-2023-kiteboard-top.png\" alt=\"Woodboard CRBN Kiteboard for Freestyle and Freeride - Kitesurfing\" width=\"1200\" height=\"1200\" srcset=\"https:\/\/woodboard.at\/wp-content\/uploads\/2023\/02\/woodboard-crbn-2023-kiteboard-top.png 1200w, https:\/\/woodboard.at\/wp-content\/uploads\/2023\/02\/woodboard-crbn-2023-kiteboard-top-980x980.png 980w, https:\/\/woodboard.at\/wp-content\/uploads\/2023\/02\/woodboard-crbn-2023-kiteboard-top-480x480.png 480w\" sizes=\"(min-width: 0px) and (max-width: 480px) 480px, (min-width: 481px) and (max-width: 980px) 980px, (min-width: 981px) 1200px, 100vw\" class=\"wp-image-62561\" title=\"woodboard-crbn-2023-kiteboard-top\" \/><\/span><\/div><div class=\"et_pb_blurb_container\"><h3 class=\"et_pb_module_header\">CRBN<\/h3><\/div><\/div><\/div><\/div><\/div><div class=\"et_pb_group_carousel_slide\"><div class=\"et_pb_group_1 et_pb_group et_pb_module et_flex_group et_pb_css_mix_blend_mode_passthrough\"><div class=\"et_pb_blurb_1 et_pb_blurb et_pb_bg_layout_light et_pb_blurb_position_top et_clickable et_pb_module et_flex_module\"><div class=\"et_pb_blurb_content et_flex_module\"><div class=\"et_pb_main_blurb_image\"><span class=\"et_pb_image_wrap et_pb_only_image_mode_wrap\"><img decoding=\"async\" src=\"https:\/\/woodboard.at\/wp-content\/uploads\/2024\/02\/woodboard-litoral-2024-kiteboard-top.png\" alt=\"Airstyle and Big Air Kiteboard for advanced riders!\" width=\"1200\" height=\"1200\" srcset=\"https:\/\/woodboard.at\/wp-content\/uploads\/2024\/02\/woodboard-litoral-2024-kiteboard-top.png 1200w, https:\/\/woodboard.at\/wp-content\/uploads\/2024\/02\/woodboard-litoral-2024-kiteboard-top-980x980.png 980w, https:\/\/woodboard.at\/wp-content\/uploads\/2024\/02\/woodboard-litoral-2024-kiteboard-top-480x480.png 480w\" sizes=\"(min-width: 0px) and (max-width: 480px) 480px, (min-width: 481px) and (max-width: 980px) 980px, (min-width: 981px) 1200px, 100vw\" class=\"wp-image-63285\" title=\"woodboard-litoral-2024-kiteboard-top\" \/><\/span><\/div><div class=\"et_pb_blurb_container\"><h3 class=\"et_pb_module_header\">CRBN Litoral<\/h3><\/div><\/div><\/div><\/div><\/div><div class=\"et_pb_group_carousel_slide\"><div class=\"et_pb_group_2 et_pb_group et_pb_module et_flex_group et_pb_css_mix_blend_mode_passthrough\"><div class=\"et_pb_blurb_2 et_pb_blurb et_pb_bg_layout_light et_pb_blurb_position_top et_clickable et_pb_module et_flex_module\"><div class=\"et_pb_blurb_content et_flex_module\"><div class=\"et_pb_main_blurb_image\"><span class=\"et_pb_image_wrap et_pb_only_image_mode_wrap\"><img decoding=\"async\" src=\"https:\/\/woodboard.at\/wp-content\/uploads\/2021\/01\/woodboard-chame-2021-kiteboard-top.png\" alt=\"Woodboard Chame, an allround Freeride Twintip Kiteboard for hooked moves, Oldschool and Airstyle!\" width=\"1200\" height=\"1200\" srcset=\"https:\/\/woodboard.at\/wp-content\/uploads\/2021\/01\/woodboard-chame-2021-kiteboard-top.png 1200w, https:\/\/woodboard.at\/wp-content\/uploads\/2021\/01\/woodboard-chame-2021-kiteboard-top-980x980.png 980w, https:\/\/woodboard.at\/wp-content\/uploads\/2021\/01\/woodboard-chame-2021-kiteboard-top-480x480.png 480w\" sizes=\"(min-width: 0px) and (max-width: 480px) 480px, (min-width: 481px) and (max-width: 980px) 980px, (min-width: 981px) 1200px, 100vw\" class=\"wp-image-58598\" title=\"woodboard-chame-2021-kiteboard-top\" \/><\/span><\/div><div class=\"et_pb_blurb_container\"><h3 class=\"et_pb_module_header\">Chame<\/h3><\/div><\/div><\/div><\/div><\/div><div class=\"et_pb_group_carousel_slide\"><div class=\"et_pb_group_3 et_pb_group et_pb_module et_flex_group et_pb_css_mix_blend_mode_passthrough\"><div class=\"et_pb_blurb_3 et_pb_blurb et_pb_bg_layout_light et_pb_blurb_position_top et_clickable et_pb_module et_flex_module\"><div class=\"et_pb_blurb_content et_flex_module\"><div class=\"et_pb_main_blurb_image\"><span class=\"et_pb_image_wrap et_pb_only_image_mode_wrap\"><img decoding=\"async\" src=\"https:\/\/woodboard.at\/wp-content\/uploads\/2021\/02\/woodboard-trash-2021-kiteboard-top.png\" alt=\"Kiteboard Woodboard Trash, a Freestyle Wakestyle Twintip for unhooked kitesurfing tricks!\" width=\"1200\" height=\"1200\" srcset=\"https:\/\/woodboard.at\/wp-content\/uploads\/2021\/02\/woodboard-trash-2021-kiteboard-top.png 1200w, https:\/\/woodboard.at\/wp-content\/uploads\/2021\/02\/woodboard-trash-2021-kiteboard-top-980x980.png 980w, https:\/\/woodboard.at\/wp-content\/uploads\/2021\/02\/woodboard-trash-2021-kiteboard-top-480x480.png 480w\" sizes=\"(min-width: 0px) and (max-width: 480px) 480px, (min-width: 481px) and (max-width: 980px) 980px, (min-width: 981px) 1200px, 100vw\" class=\"wp-image-58810\" title=\"woodboard-trash-2021-kiteboard-top\" \/><\/span><\/div><div class=\"et_pb_blurb_container\"><h3 class=\"et_pb_module_header\">Trash<\/h3><\/div><\/div><\/div><\/div><\/div><div class=\"et_pb_group_carousel_slide\"><div class=\"et_pb_group_4 et_pb_group et_pb_module et_flex_group et_pb_css_mix_blend_mode_passthrough\"><div class=\"et_pb_blurb_4 et_pb_blurb et_pb_bg_layout_light et_pb_blurb_position_top et_clickable et_pb_module et_flex_module\"><div class=\"et_pb_blurb_content et_flex_module\"><div class=\"et_pb_main_blurb_image\"><span class=\"et_pb_image_wrap et_pb_only_image_mode_wrap\"><img decoding=\"async\" src=\"https:\/\/woodboard.at\/wp-content\/uploads\/2020\/03\/woodboard-beam-2021-kiteboard-top.png\" alt=\"Kiteboard Woodboard Beam, a freeride twintip kiteboard for beginners and intermediate riders.\" width=\"1200\" height=\"1200\" srcset=\"https:\/\/woodboard.at\/wp-content\/uploads\/2020\/03\/woodboard-beam-2021-kiteboard-top.png 1200w, https:\/\/woodboard.at\/wp-content\/uploads\/2020\/03\/woodboard-beam-2021-kiteboard-top-980x980.png 980w, https:\/\/woodboard.at\/wp-content\/uploads\/2020\/03\/woodboard-beam-2021-kiteboard-top-480x480.png 480w\" sizes=\"(min-width: 0px) and (max-width: 480px) 480px, (min-width: 481px) and (max-width: 980px) 980px, (min-width: 981px) 1200px, 100vw\" class=\"wp-image-58796\" title=\"woodboard-beam-2021-kiteboard-top\" \/><\/span><\/div><div class=\"et_pb_blurb_container\"><h3 class=\"et_pb_module_header\">Beam<\/h3><\/div><\/div><\/div><\/div><\/div><div class=\"et_pb_group_carousel_slide\"><div class=\"et_pb_group_5 et_pb_group et_pb_module et_flex_group et_pb_css_mix_blend_mode_passthrough\"><div class=\"et_pb_blurb_5 et_pb_blurb et_pb_bg_layout_light et_pb_blurb_position_top et_clickable et_pb_module et_flex_module\"><div class=\"et_pb_blurb_content et_flex_module\"><div class=\"et_pb_main_blurb_image\"><span class=\"et_pb_image_wrap et_pb_only_image_mode_wrap\"><img decoding=\"async\" src=\"https:\/\/woodboard.at\/wp-content\/uploads\/2021\/03\/woodboard-aktaia-strapless-freestyle-freeride-kiteboard-top.png\" alt=\"woodboard aktaia strapless freestyle freeride kiteboard\" width=\"1200\" height=\"1199\" srcset=\"https:\/\/woodboard.at\/wp-content\/uploads\/2021\/03\/woodboard-aktaia-strapless-freestyle-freeride-kiteboard-top.png 1200w, https:\/\/woodboard.at\/wp-content\/uploads\/2021\/03\/woodboard-aktaia-strapless-freestyle-freeride-kiteboard-top-980x979.png 980w, https:\/\/woodboard.at\/wp-content\/uploads\/2021\/03\/woodboard-aktaia-strapless-freestyle-freeride-kiteboard-top-480x480.png 480w\" sizes=\"(min-width: 0px) and (max-width: 480px) 480px, (min-width: 481px) and (max-width: 980px) 980px, (min-width: 981px) 1200px, 100vw\" class=\"wp-image-61236\" title=\"woodboard-aktaia-strapless-freestyle-freeride-kiteboard-top\" \/><\/span><\/div><div class=\"et_pb_blurb_container\"><h3 class=\"et_pb_module_header\">Aktaia<\/h3><\/div><\/div><\/div><\/div><\/div><div class=\"et_pb_group_carousel_slide\"><div class=\"et_pb_group_6 et_pb_group et-last-child et_pb_module et_flex_group et_pb_css_mix_blend_mode_passthrough\"><div class=\"et_pb_blurb_6 et_pb_blurb et_pb_bg_layout_light et_pb_blurb_position_top et_clickable et_pb_module et_flex_module\"><div class=\"et_pb_blurb_content et_flex_module\"><div class=\"et_pb_main_blurb_image\"><span class=\"et_pb_image_wrap et_pb_only_image_mode_wrap\"><img decoding=\"async\" src=\"https:\/\/woodboard.at\/wp-content\/uploads\/2021\/01\/woodboard-stork-2021-kiteboard-top.png\" alt=\"Woodboard Stork, foil kiteboard with a wood core for hydrofoiling.\" width=\"1200\" height=\"1200\" srcset=\"https:\/\/woodboard.at\/wp-content\/uploads\/2021\/01\/woodboard-stork-2021-kiteboard-top.png 1200w, https:\/\/woodboard.at\/wp-content\/uploads\/2021\/01\/woodboard-stork-2021-kiteboard-top-980x980.png 980w, https:\/\/woodboard.at\/wp-content\/uploads\/2021\/01\/woodboard-stork-2021-kiteboard-top-480x480.png 480w\" sizes=\"(min-width: 0px) and (max-width: 480px) 480px, (min-width: 481px) and (max-width: 980px) 980px, (min-width: 981px) 1200px, 100vw\" class=\"wp-image-58610\" title=\"woodboard-stork-2021-kiteboard-top\" \/><\/span><\/div><div class=\"et_pb_blurb_container\"><h3 class=\"et_pb_module_header\">Stork<\/h3><\/div><\/div><\/div><\/div><\/div><\/div><\/div><span class=\"et_pb_group_carousel_arrow et_pb_group_carousel_arrow_prev\" role=\"button\" tabindex=\"0\" aria-label=\"Previous slide\"><span class=\"et-pb-icon\">4<\/span><\/span><span class=\"et_pb_group_carousel_arrow et_pb_group_carousel_arrow_next\" role=\"button\" tabindex=\"0\" aria-label=\"Next slide\"><span class=\"et-pb-icon\">5<\/span><\/span><\/div>\n<\/div>\n<\/div>\n<\/div>\n\n<div class=\"et_pb_section_3 et_pb_section et_section_regular et_block_section\">\n<div class=\"et_pb_row_3 et_pb_row et_block_row\">\n<div class=\"et_pb_column_4 et_pb_column et_pb_column_4_4 et-last-child et_block_column et_pb_css_mix_blend_mode_passthrough\">\n<div class=\"et_pb_text_3 et_pb_text et_pb_bg_layout_light et_pb_module et_block_module\"><div class=\"et_pb_text_inner\"><h1 style=\"text-align: center;\">FOLGE UNS AUF SOCIAL MEDIA, UM NICHTS ZU VERPASSEN<\/h1>\n<\/div><\/div>\n\n<ul class=\"et_pb_social_media_follow_0 et_pb_social_media_follow clearfix et_pb_bg_layout_dark et_pb_text_align_center et_pb_module et_block_module\">\n<li class=\"et_pb_social_media_follow_network_0 et_pb_social_media_follow_network et_pb_social_icon et_pb_social_network_link et-social-instagram et_pb_module et_flex_module\"><a href=\"https:\/\/www.instagram.com\/woodboard.kitesurfing\/\" class=\"icon\" target=\"_self\" title=\"Auf Instagram folgen\" rel=\"noopener\"><span class=\"et_pb_social_media_follow_network_name\">Folgen<\/span><\/a><\/li>\n\n<li class=\"et_pb_social_media_follow_network_1 et_pb_social_media_follow_network et_pb_social_icon et_pb_social_network_link et-social-facebook et_pb_module et_flex_module\"><a href=\"https:\/\/www.facebook.com\/woodboard\/\" class=\"icon\" target=\"_self\" title=\"Auf Facebook folgen\" rel=\"noopener\"><span class=\"et_pb_social_media_follow_network_name\">Folgen<\/span><\/a><\/li>\n\n<li class=\"et_pb_social_media_follow_network_2 et_pb_social_media_follow_network et_pb_social_icon et_pb_social_network_link et-social-youtube et_pb_module et_flex_module\"><a href=\"https:\/\/www.youtube.com\/channel\/UCpsmcBKDY4nzVL0nbn39RBg\" class=\"icon\" target=\"_self\" title=\"Auf Youtube folgen\" rel=\"noopener\"><span class=\"et_pb_social_media_follow_network_name\">Folgen<\/span><\/a><\/li>\n<\/ul>\n<\/div>\n<\/div>\n<\/div>","protected":false},"excerpt":{"rendered":"","protected":false},"author":1,"featured_media":0,"parent":0,"menu_order":0,"comment_status":"closed","ping_status":"closed","template":"","meta":{"footnotes":""},"class_list":["post-56653","page","type-page","status-publish","hentry"],"yoast_head":"<!-- This site is optimized with the Yoast SEO plugin v27.3 - https:\/\/yoast.com\/product\/yoast-seo-wordpress\/ -->\n<title>Testcenter - Woodboard - Premium kiteboards<\/title>\n<meta name=\"robots\" content=\"index, follow, max-snippet:-1, max-image-preview:large, max-video-preview:-1\" \/>\n<link rel=\"canonical\" href=\"https:\/\/woodboard.at\/de\/testcenter\/\" \/>\n<meta property=\"og:locale\" content=\"de_DE\" \/>\n<meta property=\"og:type\" content=\"article\" \/>\n<meta property=\"og:title\" content=\"Testcenter - Woodboard - Premium kiteboards\" \/>\n<meta property=\"og:url\" content=\"https:\/\/woodboard.at\/de\/testcenter\/\" \/>\n<meta property=\"og:site_name\" content=\"Woodboard\" \/>\n<meta property=\"article:publisher\" content=\"https:\/\/www.facebook.com\/woodboard\/\" \/>\n<meta property=\"article:modified_time\" content=\"2026-03-13T09:18:30+00:00\" \/>\n<meta property=\"og:image\" content=\"https:\/\/www.woodboard.at\/wp-content\/uploads\/2018\/03\/03_Neretva-023.jpg\" \/>\n<meta name=\"twitter:card\" content=\"summary_large_image\" \/>\n<script type=\"application\/ld+json\" class=\"yoast-schema-graph\">{\"@context\":\"https:\\\/\\\/schema.org\",\"@graph\":[{\"@type\":\"WebPage\",\"@id\":\"https:\\\/\\\/woodboard.at\\\/de\\\/testcenter\\\/\",\"url\":\"https:\\\/\\\/woodboard.at\\\/de\\\/testcenter\\\/\",\"name\":\"Testcenter - Woodboard - Premium kiteboards\",\"isPartOf\":{\"@id\":\"https:\\\/\\\/dimgrey-walrus-153843.hostingersite.com\\\/#website\"},\"datePublished\":\"2018-03-16T17:30:56+00:00\",\"dateModified\":\"2026-03-13T09:18:30+00:00\",\"breadcrumb\":{\"@id\":\"https:\\\/\\\/woodboard.at\\\/de\\\/testcenter\\\/#breadcrumb\"},\"inLanguage\":\"de-DE\",\"potentialAction\":[{\"@type\":\"ReadAction\",\"target\":[\"https:\\\/\\\/woodboard.at\\\/de\\\/testcenter\\\/\"]}]},{\"@type\":\"BreadcrumbList\",\"@id\":\"https:\\\/\\\/woodboard.at\\\/de\\\/testcenter\\\/#breadcrumb\",\"itemListElement\":[{\"@type\":\"ListItem\",\"position\":1,\"name\":\"Home\",\"item\":\"https:\\\/\\\/woodboard.at\\\/de\\\/home\\\/\"},{\"@type\":\"ListItem\",\"position\":2,\"name\":\"Testcenter\"}]},{\"@type\":\"WebSite\",\"@id\":\"https:\\\/\\\/dimgrey-walrus-153843.hostingersite.com\\\/#website\",\"url\":\"https:\\\/\\\/dimgrey-walrus-153843.hostingersite.com\\\/\",\"name\":\"Woodboard\",\"description\":\"The finest rides on this planet!\",\"publisher\":{\"@id\":\"https:\\\/\\\/dimgrey-walrus-153843.hostingersite.com\\\/#organization\"},\"potentialAction\":[{\"@type\":\"SearchAction\",\"target\":{\"@type\":\"EntryPoint\",\"urlTemplate\":\"https:\\\/\\\/dimgrey-walrus-153843.hostingersite.com\\\/?s={search_term_string}\"},\"query-input\":{\"@type\":\"PropertyValueSpecification\",\"valueRequired\":true,\"valueName\":\"search_term_string\"}}],\"inLanguage\":\"de-DE\"},{\"@type\":\"Organization\",\"@id\":\"https:\\\/\\\/dimgrey-walrus-153843.hostingersite.com\\\/#organization\",\"name\":\"WOODBOARD\",\"url\":\"https:\\\/\\\/dimgrey-walrus-153843.hostingersite.com\\\/\",\"logo\":{\"@type\":\"ImageObject\",\"inLanguage\":\"de-DE\",\"@id\":\"https:\\\/\\\/dimgrey-walrus-153843.hostingersite.com\\\/#\\\/schema\\\/logo\\\/image\\\/\",\"url\":\"https:\\\/\\\/woodboard.at\\\/wp-content\\\/uploads\\\/2020\\\/03\\\/logo-woodboard-original_520.png\",\"contentUrl\":\"https:\\\/\\\/woodboard.at\\\/wp-content\\\/uploads\\\/2020\\\/03\\\/logo-woodboard-original_520.png\",\"width\":520,\"height\":206,\"caption\":\"WOODBOARD\"},\"image\":{\"@id\":\"https:\\\/\\\/dimgrey-walrus-153843.hostingersite.com\\\/#\\\/schema\\\/logo\\\/image\\\/\"},\"sameAs\":[\"https:\\\/\\\/www.facebook.com\\\/woodboard\\\/\",\"https:\\\/\\\/www.instagram.com\\\/woodboard.kitesurfing\\\/\",\"https:\\\/\\\/www.youtube.com\\\/channel\\\/UCpsmcBKDY4nzVL0nbn39RBg\"]}]}<\/script>\n<!-- \/ Yoast SEO plugin. -->","yoast_head_json":{"title":"Testcenter - Woodboard - Premium kiteboards","robots":{"index":"index","follow":"follow","max-snippet":"max-snippet:-1","max-image-preview":"max-image-preview:large","max-video-preview":"max-video-preview:-1"},"canonical":"https:\/\/woodboard.at\/de\/testcenter\/","og_locale":"de_DE","og_type":"article","og_title":"Testcenter - Woodboard - Premium kiteboards","og_url":"https:\/\/woodboard.at\/de\/testcenter\/","og_site_name":"Woodboard","article_publisher":"https:\/\/www.facebook.com\/woodboard\/","article_modified_time":"2026-03-13T09:18:30+00:00","og_image":[{"url":"https:\/\/www.woodboard.at\/wp-content\/uploads\/2018\/03\/03_Neretva-023.jpg","type":"","width":"","height":""}],"twitter_card":"summary_large_image","schema":{"@context":"https:\/\/schema.org","@graph":[{"@type":"WebPage","@id":"https:\/\/woodboard.at\/de\/testcenter\/","url":"https:\/\/woodboard.at\/de\/testcenter\/","name":"Testcenter - Woodboard - Premium kiteboards","isPartOf":{"@id":"https:\/\/dimgrey-walrus-153843.hostingersite.com\/#website"},"datePublished":"2018-03-16T17:30:56+00:00","dateModified":"2026-03-13T09:18:30+00:00","breadcrumb":{"@id":"https:\/\/woodboard.at\/de\/testcenter\/#breadcrumb"},"inLanguage":"de-DE","potentialAction":[{"@type":"ReadAction","target":["https:\/\/woodboard.at\/de\/testcenter\/"]}]},{"@type":"BreadcrumbList","@id":"https:\/\/woodboard.at\/de\/testcenter\/#breadcrumb","itemListElement":[{"@type":"ListItem","position":1,"name":"Home","item":"https:\/\/woodboard.at\/de\/home\/"},{"@type":"ListItem","position":2,"name":"Testcenter"}]},{"@type":"WebSite","@id":"https:\/\/dimgrey-walrus-153843.hostingersite.com\/#website","url":"https:\/\/dimgrey-walrus-153843.hostingersite.com\/","name":"Woodboard","description":"The finest rides on this planet!","publisher":{"@id":"https:\/\/dimgrey-walrus-153843.hostingersite.com\/#organization"},"potentialAction":[{"@type":"SearchAction","target":{"@type":"EntryPoint","urlTemplate":"https:\/\/dimgrey-walrus-153843.hostingersite.com\/?s={search_term_string}"},"query-input":{"@type":"PropertyValueSpecification","valueRequired":true,"valueName":"search_term_string"}}],"inLanguage":"de-DE"},{"@type":"Organization","@id":"https:\/\/dimgrey-walrus-153843.hostingersite.com\/#organization","name":"WOODBOARD","url":"https:\/\/dimgrey-walrus-153843.hostingersite.com\/","logo":{"@type":"ImageObject","inLanguage":"de-DE","@id":"https:\/\/dimgrey-walrus-153843.hostingersite.com\/#\/schema\/logo\/image\/","url":"https:\/\/woodboard.at\/wp-content\/uploads\/2020\/03\/logo-woodboard-original_520.png","contentUrl":"https:\/\/woodboard.at\/wp-content\/uploads\/2020\/03\/logo-woodboard-original_520.png","width":520,"height":206,"caption":"WOODBOARD"},"image":{"@id":"https:\/\/dimgrey-walrus-153843.hostingersite.com\/#\/schema\/logo\/image\/"},"sameAs":["https:\/\/www.facebook.com\/woodboard\/","https:\/\/www.instagram.com\/woodboard.kitesurfing\/","https:\/\/www.youtube.com\/channel\/UCpsmcBKDY4nzVL0nbn39RBg"]}]}},"_links":{"self":[{"href":"https:\/\/woodboard.at\/de\/wp-json\/wp\/v2\/pages\/56653","targetHints":{"allow":["GET"]}}],"collection":[{"href":"https:\/\/woodboard.at\/de\/wp-json\/wp\/v2\/pages"}],"about":[{"href":"https:\/\/woodboard.at\/de\/wp-json\/wp\/v2\/types\/page"}],"author":[{"embeddable":true,"href":"https:\/\/woodboard.at\/de\/wp-json\/wp\/v2\/users\/1"}],"replies":[{"embeddable":true,"href":"https:\/\/woodboard.at\/de\/wp-json\/wp\/v2\/comments?post=56653"}],"version-history":[{"count":0,"href":"https:\/\/woodboard.at\/de\/wp-json\/wp\/v2\/pages\/56653\/revisions"}],"wp:attachment":[{"href":"https:\/\/woodboard.at\/de\/wp-json\/wp\/v2\/media?parent=56653"}],"curies":[{"name":"wp","href":"https:\/\/api.w.org\/{rel}","templated":true}]}}