{"id":56645,"date":"2020-03-30T10:24:24","date_gmt":"2020-03-30T08:24:24","guid":{"rendered":"https:\/\/woodboard.at\/engineering\/"},"modified":"2026-02-28T16:19:22","modified_gmt":"2026-02-28T15:19:22","slug":"engineering","status":"publish","type":"page","link":"https:\/\/woodboard.at\/de\/engineering\/","title":{"rendered":"Engineering"},"content":{"rendered":"<div class=\"et_pb_section_0 et_pb_section et_pb_fullwidth_section et_section_regular et_block_section\"><section class=\"et_pb_fullwidth_header_0 et_pb_fullwidth_header et_pb_bg_layout_dark et_pb_text_align_left et_pb_section_parallax et_pb_module et_flex_module\"><span class=\"et-pb-parallax-wrapper\"><span class=\"et-pb-parallax-background et-pb-parallax-background-module--divi-fullwidth-header-0\" style=\"background-image:url(https:\/\/woodboard.at\/wp-content\/uploads\/2020\/03\/2017_04_27_Hamata-1423-e1585143740747.jpg)\"><\/span><\/span><div class=\"et_pb_fullwidth_header_container left\"><div class=\"header-content-container center\"><div class=\"header-content et_flex_module\"><h1 class=\"et_pb_module_header\">Engineering<\/h1><div class=\"et_pb_header_button_wrapper\"><\/div><\/div><\/div><\/div><div class=\"et_pb_fullwidth_header_overlay\"><\/div><div class=\"et_pb_fullwidth_header_scroll\"><\/div><\/section><\/div><div class=\"et_pb_section_1 et_pb_section et_section_regular et_block_section\"><div class=\"et_pb_row_0 et_pb_row et_block_row\"><div class=\"et_pb_column_0 et_pb_column et_pb_column_4_4 et-last-child et_block_column et_pb_css_mix_blend_mode_passthrough\"><div class=\"et_pb_text_0 et_pb_text et_pb_bg_layout_light et_pb_module et_block_module\"><div class=\"et_pb_text_inner\"><h1 style=\"text-align: center;\">DER DESIGN PROCESS<\/h1>\n<\/div><\/div><\/div><\/div><\/div><div class=\"et_pb_section_2 et_pb_section et_section_regular et_block_section\"><div class=\"et_pb_row_1 et_pb_row et_pb_equal_columns et_pb_gutters1 et_block_row\"><div class=\"et_pb_column_1 et_pb_column et_pb_column_1_2 et_block_column et_pb_css_mix_blend_mode_passthrough\"><div class=\"et_pb_text_1 et_pb_text et_pb_bg_layout_dark et_pb_module et_block_module\"><div class=\"et_pb_text_inner\"><h3 style=\"text-align: left;\">3-D Konstruktion<\/h3>\n<p>Wir entwerfen und konstruieren in \u201efull 3-D\u201c. Das 3-D Modell mit der anspruchsvollen Outline und dem ausgekl\u00fcgelten Unterwasserschiff ist die Basis f\u00fcr alle weiteren T\u00e4tigkeiten.<\/p>\n<h3 style=\"text-align: left;\">Berechnung und Materialauswahl<\/h3>\n<p>Abh\u00e4ngig von dem Einsatzgebiet des Boards w\u00e4hlen wir den geeigneten Materialmix aus und definieren die Rahmenparameter wie Torsionssteifigkeit, Flex und D\u00e4mpfung.<\/p>\n<h3 style=\"text-align: left;\">Der digitale Prototyp<\/h3>\n<p>Nun k\u00f6nnen wir den digitalen Prototyp fertig stellen und mit der Str\u00f6mungsvisualisierung alle erdenklichen Fahrsituationen simulieren.<\/p>\n<\/div><\/div><\/div><div class=\"et_pb_column_2 et_pb_column et_pb_column_1_2 et-last-child et_block_column et_pb_css_mix_blend_mode_passthrough\"><div class=\"et_pb_image_0 et_pb_image et_pb_module et_block_module\"><span class=\"et_pb_image_wrap\"><img decoding=\"async\" src=\"https:\/\/woodboard.at\/wp-content\/uploads\/2020\/04\/woodboard-engineering-2.jpg\" width=\"1080\" height=\"747\" srcset=\"https:\/\/woodboard.at\/wp-content\/uploads\/2020\/04\/woodboard-engineering-2.jpg 1080w, https:\/\/woodboard.at\/wp-content\/uploads\/2020\/04\/woodboard-engineering-2-980x678.jpg 980w, https:\/\/woodboard.at\/wp-content\/uploads\/2020\/04\/woodboard-engineering-2-480x332.jpg 480w\" sizes=\"(min-width: 0px) and (max-width: 480px) 480px, (min-width: 481px) and (max-width: 980px) 980px, (min-width: 981px) 1080px, 100vw\" class=\"wp-image-55809\" \/><\/span><\/div><\/div><\/div><\/div><div class=\"et_pb_section_3 et_pb_section et_section_regular et_block_section\"><div class=\"et_pb_row_2 et_pb_row et_block_row\"><div class=\"et_pb_column_3 et_pb_column et_pb_column_4_4 et-last-child et_block_column et_pb_css_mix_blend_mode_passthrough\"><div class=\"et_pb_text_2 et_pb_text et_pb_bg_layout_light et_pb_module et_block_module\"><div class=\"et_pb_text_inner\"><h3 style=\"text-align: center;\">\u201eNeben unserer Marke \u201eWOODBOARD\u201c sind wir ein multidisziplin\u00e4res Ingenieurb\u00fcro und erarbeiten L\u00f6sungen f\u00fcr alles, was sich im Wasser bewegt, im Moment fokussiert auf die Entwicklung von Kiteboards.\u201c<\/h3>\n<\/div><\/div><\/div><\/div><\/div><div class=\"et_pb_section_4 et_pb_section et_section_regular et_block_section\"><div class=\"et_pb_row_3 et_pb_row et_pb_equal_columns et_pb_gutters1 et_block_row\"><div class=\"et_pb_column_4 et_pb_column et_pb_column_1_2 et_block_column et_pb_css_mix_blend_mode_passthrough\"><div class=\"et_pb_image_1 et_pb_image et_pb_module et_block_module\"><span class=\"et_pb_image_wrap\"><img decoding=\"async\" src=\"https:\/\/woodboard.at\/wp-content\/uploads\/2020\/04\/woodboard-engineering-1.jpg\" width=\"1080\" height=\"720\" srcset=\"https:\/\/woodboard.at\/wp-content\/uploads\/2020\/04\/woodboard-engineering-1.jpg 1080w, https:\/\/woodboard.at\/wp-content\/uploads\/2020\/04\/woodboard-engineering-1-980x653.jpg 980w, https:\/\/woodboard.at\/wp-content\/uploads\/2020\/04\/woodboard-engineering-1-480x320.jpg 480w\" sizes=\"(min-width: 0px) and (max-width: 480px) 480px, (min-width: 481px) and (max-width: 980px) 980px, (min-width: 981px) 1080px, 100vw\" class=\"wp-image-55808\" \/><\/span><\/div><\/div><div class=\"et_pb_column_5 et_pb_column et_pb_column_1_2 et-last-child et_block_column et_pb_css_mix_blend_mode_passthrough\"><div class=\"et_pb_text_3 et_pb_text et_pb_bg_layout_dark et_pb_module et_block_module\"><div class=\"et_pb_text_inner\"><h3 style=\"text-align: left;\">Produktevaluierung und Messungen<\/h3>\n<p>Mit high-tech on-board Sensoren messen wir Str\u00f6mungssituation an der Lauffl\u00e4che, die Vibrationen und Pop-Kr\u00e4fte in echten Fahrsituationen.<\/p>\n<h3 style=\"text-align: left;\">Optisches und haptische Komplettierung<\/h3>\n<p>Schlussendlich bringen wir das Design auf und w\u00e4hlen die in das Gesamtkonzept passende Oberfl\u00e4chentextur aus.<\/p>\n<h3 style=\"text-align: left;\">Freigabe und Qualit\u00e4tskontrolle<\/h3>\n<p>Wenn das Resultat mit dem Konzept \u00fcbereinstimmt geben wir das Produkt f\u00fcr die Serienproduktion frei. Qualit\u00e4tskontrolle und 100prozentige R\u00fcckverfolgbarkeit komplettieren den Designprozess.<\/p>\n<\/div><\/div><\/div><\/div><\/div><div class=\"et_pb_section_5 et_pb_section et_section_regular et_block_section\"><div class=\"et_pb_row_4 et_pb_row et_block_row\"><div class=\"et_pb_column_6 et_pb_column et_pb_column_4_4 et-last-child et_block_column et_pb_css_mix_blend_mode_passthrough\"><div class=\"et_pb_text_4 et_pb_text et_pb_bg_layout_light et_pb_module et_block_module\"><div class=\"et_pb_text_inner\"><h1 style=\"text-align: center;\">FOLGE UNS AUF SOCIAL MEDIA<\/h1>\n<\/div><\/div><\/div><\/div><\/div>","protected":false},"excerpt":{"rendered":"","protected":false},"author":1,"featured_media":0,"parent":0,"menu_order":0,"comment_status":"closed","ping_status":"closed","template":"","meta":{"footnotes":""},"class_list":["post-56645","page","type-page","status-publish","hentry"],"yoast_head":"<!-- This site is optimized with the Yoast SEO plugin v27.3 - https:\/\/yoast.com\/product\/yoast-seo-wordpress\/ -->\n<title>Kiteboard engineering - Woodboard - Premium Kiteboards<\/title>\n<meta name=\"robots\" content=\"index, follow, max-snippet:-1, max-image-preview:large, max-video-preview:-1\" \/>\n<link rel=\"canonical\" href=\"https:\/\/woodboard.at\/de\/engineering\/\" \/>\n<meta property=\"og:locale\" content=\"de_DE\" \/>\n<meta property=\"og:type\" content=\"article\" \/>\n<meta property=\"og:title\" content=\"Kiteboard engineering - Woodboard - Premium Kiteboards\" \/>\n<meta property=\"og:url\" content=\"https:\/\/woodboard.at\/de\/engineering\/\" \/>\n<meta property=\"og:site_name\" content=\"Woodboard\" \/>\n<meta property=\"article:publisher\" content=\"https:\/\/www.facebook.com\/woodboard\/\" \/>\n<meta property=\"article:modified_time\" content=\"2026-02-28T15:19:22+00:00\" \/>\n<meta name=\"twitter:card\" content=\"summary_large_image\" \/>\n<script type=\"application\/ld+json\" class=\"yoast-schema-graph\">{\"@context\":\"https:\\\/\\\/schema.org\",\"@graph\":[{\"@type\":\"WebPage\",\"@id\":\"https:\\\/\\\/woodboard.at\\\/de\\\/engineering\\\/\",\"url\":\"https:\\\/\\\/woodboard.at\\\/de\\\/engineering\\\/\",\"name\":\"Kiteboard engineering - Woodboard - Premium Kiteboards\",\"isPartOf\":{\"@id\":\"https:\\\/\\\/dimgrey-walrus-153843.hostingersite.com\\\/#website\"},\"datePublished\":\"2020-03-30T08:24:24+00:00\",\"dateModified\":\"2026-02-28T15:19:22+00:00\",\"breadcrumb\":{\"@id\":\"https:\\\/\\\/woodboard.at\\\/de\\\/engineering\\\/#breadcrumb\"},\"inLanguage\":\"de-DE\",\"potentialAction\":[{\"@type\":\"ReadAction\",\"target\":[\"https:\\\/\\\/woodboard.at\\\/de\\\/engineering\\\/\"]}]},{\"@type\":\"BreadcrumbList\",\"@id\":\"https:\\\/\\\/woodboard.at\\\/de\\\/engineering\\\/#breadcrumb\",\"itemListElement\":[{\"@type\":\"ListItem\",\"position\":1,\"name\":\"Home\",\"item\":\"https:\\\/\\\/woodboard.at\\\/de\\\/home\\\/\"},{\"@type\":\"ListItem\",\"position\":2,\"name\":\"Engineering\"}]},{\"@type\":\"WebSite\",\"@id\":\"https:\\\/\\\/dimgrey-walrus-153843.hostingersite.com\\\/#website\",\"url\":\"https:\\\/\\\/dimgrey-walrus-153843.hostingersite.com\\\/\",\"name\":\"Woodboard\",\"description\":\"The finest rides on this planet!\",\"publisher\":{\"@id\":\"https:\\\/\\\/dimgrey-walrus-153843.hostingersite.com\\\/#organization\"},\"potentialAction\":[{\"@type\":\"SearchAction\",\"target\":{\"@type\":\"EntryPoint\",\"urlTemplate\":\"https:\\\/\\\/dimgrey-walrus-153843.hostingersite.com\\\/?s={search_term_string}\"},\"query-input\":{\"@type\":\"PropertyValueSpecification\",\"valueRequired\":true,\"valueName\":\"search_term_string\"}}],\"inLanguage\":\"de-DE\"},{\"@type\":\"Organization\",\"@id\":\"https:\\\/\\\/dimgrey-walrus-153843.hostingersite.com\\\/#organization\",\"name\":\"WOODBOARD\",\"url\":\"https:\\\/\\\/dimgrey-walrus-153843.hostingersite.com\\\/\",\"logo\":{\"@type\":\"ImageObject\",\"inLanguage\":\"de-DE\",\"@id\":\"https:\\\/\\\/dimgrey-walrus-153843.hostingersite.com\\\/#\\\/schema\\\/logo\\\/image\\\/\",\"url\":\"https:\\\/\\\/woodboard.at\\\/wp-content\\\/uploads\\\/2020\\\/03\\\/logo-woodboard-original_520.png\",\"contentUrl\":\"https:\\\/\\\/woodboard.at\\\/wp-content\\\/uploads\\\/2020\\\/03\\\/logo-woodboard-original_520.png\",\"width\":520,\"height\":206,\"caption\":\"WOODBOARD\"},\"image\":{\"@id\":\"https:\\\/\\\/dimgrey-walrus-153843.hostingersite.com\\\/#\\\/schema\\\/logo\\\/image\\\/\"},\"sameAs\":[\"https:\\\/\\\/www.facebook.com\\\/woodboard\\\/\",\"https:\\\/\\\/www.instagram.com\\\/woodboard.kitesurfing\\\/\",\"https:\\\/\\\/www.youtube.com\\\/channel\\\/UCpsmcBKDY4nzVL0nbn39RBg\"]}]}<\/script>\n<!-- \/ Yoast SEO plugin. -->","yoast_head_json":{"title":"Kiteboard engineering - Woodboard - Premium Kiteboards","robots":{"index":"index","follow":"follow","max-snippet":"max-snippet:-1","max-image-preview":"max-image-preview:large","max-video-preview":"max-video-preview:-1"},"canonical":"https:\/\/woodboard.at\/de\/engineering\/","og_locale":"de_DE","og_type":"article","og_title":"Kiteboard engineering - Woodboard - Premium Kiteboards","og_url":"https:\/\/woodboard.at\/de\/engineering\/","og_site_name":"Woodboard","article_publisher":"https:\/\/www.facebook.com\/woodboard\/","article_modified_time":"2026-02-28T15:19:22+00:00","twitter_card":"summary_large_image","schema":{"@context":"https:\/\/schema.org","@graph":[{"@type":"WebPage","@id":"https:\/\/woodboard.at\/de\/engineering\/","url":"https:\/\/woodboard.at\/de\/engineering\/","name":"Kiteboard engineering - Woodboard - Premium Kiteboards","isPartOf":{"@id":"https:\/\/dimgrey-walrus-153843.hostingersite.com\/#website"},"datePublished":"2020-03-30T08:24:24+00:00","dateModified":"2026-02-28T15:19:22+00:00","breadcrumb":{"@id":"https:\/\/woodboard.at\/de\/engineering\/#breadcrumb"},"inLanguage":"de-DE","potentialAction":[{"@type":"ReadAction","target":["https:\/\/woodboard.at\/de\/engineering\/"]}]},{"@type":"BreadcrumbList","@id":"https:\/\/woodboard.at\/de\/engineering\/#breadcrumb","itemListElement":[{"@type":"ListItem","position":1,"name":"Home","item":"https:\/\/woodboard.at\/de\/home\/"},{"@type":"ListItem","position":2,"name":"Engineering"}]},{"@type":"WebSite","@id":"https:\/\/dimgrey-walrus-153843.hostingersite.com\/#website","url":"https:\/\/dimgrey-walrus-153843.hostingersite.com\/","name":"Woodboard","description":"The finest rides on this planet!","publisher":{"@id":"https:\/\/dimgrey-walrus-153843.hostingersite.com\/#organization"},"potentialAction":[{"@type":"SearchAction","target":{"@type":"EntryPoint","urlTemplate":"https:\/\/dimgrey-walrus-153843.hostingersite.com\/?s={search_term_string}"},"query-input":{"@type":"PropertyValueSpecification","valueRequired":true,"valueName":"search_term_string"}}],"inLanguage":"de-DE"},{"@type":"Organization","@id":"https:\/\/dimgrey-walrus-153843.hostingersite.com\/#organization","name":"WOODBOARD","url":"https:\/\/dimgrey-walrus-153843.hostingersite.com\/","logo":{"@type":"ImageObject","inLanguage":"de-DE","@id":"https:\/\/dimgrey-walrus-153843.hostingersite.com\/#\/schema\/logo\/image\/","url":"https:\/\/woodboard.at\/wp-content\/uploads\/2020\/03\/logo-woodboard-original_520.png","contentUrl":"https:\/\/woodboard.at\/wp-content\/uploads\/2020\/03\/logo-woodboard-original_520.png","width":520,"height":206,"caption":"WOODBOARD"},"image":{"@id":"https:\/\/dimgrey-walrus-153843.hostingersite.com\/#\/schema\/logo\/image\/"},"sameAs":["https:\/\/www.facebook.com\/woodboard\/","https:\/\/www.instagram.com\/woodboard.kitesurfing\/","https:\/\/www.youtube.com\/channel\/UCpsmcBKDY4nzVL0nbn39RBg"]}]}},"_links":{"self":[{"href":"https:\/\/woodboard.at\/de\/wp-json\/wp\/v2\/pages\/56645","targetHints":{"allow":["GET"]}}],"collection":[{"href":"https:\/\/woodboard.at\/de\/wp-json\/wp\/v2\/pages"}],"about":[{"href":"https:\/\/woodboard.at\/de\/wp-json\/wp\/v2\/types\/page"}],"author":[{"embeddable":true,"href":"https:\/\/woodboard.at\/de\/wp-json\/wp\/v2\/users\/1"}],"replies":[{"embeddable":true,"href":"https:\/\/woodboard.at\/de\/wp-json\/wp\/v2\/comments?post=56645"}],"version-history":[{"count":0,"href":"https:\/\/woodboard.at\/de\/wp-json\/wp\/v2\/pages\/56645\/revisions"}],"wp:attachment":[{"href":"https:\/\/woodboard.at\/de\/wp-json\/wp\/v2\/media?parent=56645"}],"curies":[{"name":"wp","href":"https:\/\/api.w.org\/{rel}","templated":true}]}}