{"id":56642,"date":"2020-03-25T12:25:42","date_gmt":"2020-03-25T11:25:42","guid":{"rendered":"https:\/\/woodboard.at\/about\/"},"modified":"2026-02-28T16:19:22","modified_gmt":"2026-02-28T15:19:22","slug":"about","status":"publish","type":"page","link":"https:\/\/woodboard.at\/de\/about\/","title":{"rendered":"About"},"content":{"rendered":"<div class=\"et_pb_section_0 et_pb_section et_pb_fullwidth_section et_section_regular et_block_section\"><section class=\"et_pb_fullwidth_header_0 et_pb_fullwidth_header et_pb_bg_layout_dark et_pb_text_align_left et_pb_section_parallax et_pb_module et_flex_module\"><span class=\"et-pb-parallax-wrapper\"><span class=\"et-pb-parallax-background et-pb-parallax-background-module--divi-fullwidth-header-0\" style=\"background-image:url(https:\/\/woodboard.at\/wp-content\/uploads\/2020\/03\/20170113-2-IMGP0999.jpg)\"><\/span><\/span><div class=\"et_pb_fullwidth_header_container left\"><div class=\"header-content-container center\"><div class=\"header-content et_flex_module\"><h1 class=\"et_pb_module_header\">About<\/h1><div class=\"et_pb_header_button_wrapper\"><\/div><\/div><\/div><\/div><div class=\"et_pb_fullwidth_header_overlay\"><\/div><div class=\"et_pb_fullwidth_header_scroll\"><\/div><\/section><\/div><div class=\"et_pb_section_1 et_pb_section et_section_regular et_block_section\"><div class=\"et_pb_row_0 et_pb_row et_block_row\"><div class=\"et_pb_column_0 et_pb_column et_pb_column_4_4 et-last-child et_block_column et_pb_css_mix_blend_mode_passthrough\"><div class=\"et_pb_text_0 et_pb_text et_pb_bg_layout_light et_pb_module et_block_module\"><div class=\"et_pb_text_inner\"><h1 style=\"text-align: center;\">THE WOODBOARD GESCHICHTE<\/h1>\n<\/div><\/div><\/div><\/div><\/div><div class=\"et_pb_section_2 et_pb_section et_section_regular et_block_section\"><div class=\"et_pb_row_1 et_pb_row et_pb_equal_columns et_pb_gutters1 et_block_row\"><div class=\"et_pb_column_1 et_pb_column et_pb_column_1_2 et_block_column et_pb_css_mix_blend_mode_passthrough\"><div class=\"et_pb_text_1 et_pb_text et_pb_bg_layout_dark et_pb_module et_block_module\"><div class=\"et_pb_text_inner\"><h1>BOARDS, BOARDS, BOARDS<\/h1>\n<div><span lang=\"EN-US\">Woodboard ist eine global agierende Kiteboard Manufaktur vom windigen Neusiedlersee in \u00d6sterreich und produziert die feinsten Rides auf diesem Planeten. <\/span><\/div>\n<div><span lang=\"DE\">Manfred, Gr\u00fcnder und Ingenieur, ist ein Pionier im Bereich Boardshaping. Er geh\u00f6rte Anfang der 1980er Jahre zu den ersten Herstellern von Snowboards. Er gr\u00fcndete \u201eMAMBOO\u201c Snowboards und nahm 1987 in St. Moritz \/ Schweiz an der Snowboard Weltmeisterschaft teil. 2011 gr\u00fcndete er die Firma Woodboard.<\/p>\n<p><\/span><\/div>\n<\/div><\/div><\/div><div class=\"et_pb_column_2 et_pb_column et_pb_column_1_2 et-last-child et_block_column et_pb_css_mix_blend_mode_passthrough\"><div class=\"et_pb_image_0 et_pb_image et_pb_module et_block_module\"><span class=\"et_pb_image_wrap\"><img decoding=\"async\" src=\"https:\/\/woodboard.at\/wp-content\/uploads\/2020\/11\/Manfred-mit-Woodboard-Trash.jpeg\" width=\"1600\" height=\"900\" srcset=\"https:\/\/woodboard.at\/wp-content\/uploads\/2020\/11\/Manfred-mit-Woodboard-Trash.jpeg 1600w, https:\/\/woodboard.at\/wp-content\/uploads\/2020\/11\/Manfred-mit-Woodboard-Trash-1280x720.jpeg 1280w, https:\/\/woodboard.at\/wp-content\/uploads\/2020\/11\/Manfred-mit-Woodboard-Trash-980x551.jpeg 980w, https:\/\/woodboard.at\/wp-content\/uploads\/2020\/11\/Manfred-mit-Woodboard-Trash-480x270.jpeg 480w\" sizes=\"(min-width: 0px) and (max-width: 480px) 480px, (min-width: 481px) and (max-width: 980px) 980px, (min-width: 981px) and (max-width: 1280px) 1280px, (min-width: 1281px) 1600px, 100vw\" class=\"wp-image-57406\" title=\"Manfred mit Woodboard Trash\" alt=\"Manfred Kernstock mit Woodboard Kitesurfing Trash\" \/><\/span><\/div><\/div><\/div><\/div><div class=\"et_pb_section_3 et_pb_section et_section_regular et_block_section\"><div class=\"et_pb_row_2 et_pb_row et_block_row\"><div class=\"et_pb_column_3 et_pb_column et_pb_column_4_4 et-last-child et_block_column et_pb_css_mix_blend_mode_passthrough\"><div class=\"et_pb_text_2 et_pb_text et_pb_bg_layout_light et_pb_module et_block_module\"><div class=\"et_pb_text_inner\"><h1 style=\"text-align: center;\"><span lang=\"DE\">DIE SCHNITTSTELLE ZWISCHEN MENSCH UND WASSER<\/span><\/h1>\n<\/div><\/div><\/div><\/div><\/div><div class=\"et_pb_section_4 et_pb_section et_section_regular et_block_section\"><div class=\"et_pb_row_3 et_pb_row et_pb_equal_columns et_pb_gutters1 et_block_row\"><div class=\"et_pb_column_4 et_pb_column et_pb_column_1_2 et_block_column et_pb_css_mix_blend_mode_passthrough\"><div class=\"et_pb_image_1 et_pb_image et_pb_module et_block_module\"><span class=\"et_pb_image_wrap\"><img decoding=\"async\" src=\"https:\/\/woodboard.at\/wp-content\/uploads\/2020\/03\/2017_04_27_Hamata-1423-e1585143740747.jpg\" width=\"1501\" height=\"901\" srcset=\"https:\/\/woodboard.at\/wp-content\/uploads\/2020\/03\/2017_04_27_Hamata-1423-e1585143740747.jpg 1501w, https:\/\/woodboard.at\/wp-content\/uploads\/2020\/03\/2017_04_27_Hamata-1423-e1585143740747-1280x768.jpg 1280w, https:\/\/woodboard.at\/wp-content\/uploads\/2020\/03\/2017_04_27_Hamata-1423-e1585143740747-980x588.jpg 980w, https:\/\/woodboard.at\/wp-content\/uploads\/2020\/03\/2017_04_27_Hamata-1423-e1585143740747-480x288.jpg 480w\" sizes=\"(min-width: 0px) and (max-width: 480px) 480px, (min-width: 481px) and (max-width: 980px) 980px, (min-width: 981px) and (max-width: 1280px) 1280px, (min-width: 1281px) 1501px, 100vw\" class=\"wp-image-702\" title=\"2017_04_27_Hamata-Woodboard-crbn\" alt=\"Woodboard Kitesurfing CRBN in Hamata Kite Village\" \/><\/span><\/div><\/div><div class=\"et_pb_column_5 et_pb_column et_pb_column_1_2 et-last-child et_block_column et_pb_css_mix_blend_mode_passthrough\"><div class=\"et_pb_text_3 et_pb_text et_pb_bg_layout_dark et_pb_module et_block_module\"><div class=\"et_pb_text_inner\"><h1>WARUM<\/h1>\n<p>Unsere Engineering Abteilung besch\u00e4ftigt sich laufend mit den Str\u00f6mungsverh\u00e4ltnissen an der Lauffl\u00e4che eines Kiteboards. Wir haben viel Geld in Simulationsprogramme investiert und onboard Messverfahren entwickelt, um dem Str\u00f6mungsverhalten seine Geheimnisse zu entlocken. Wir sind in der Lage, jede Fahrsituation am Computer zu simulieren und die Werthaltigkeit der Simulation mit Str\u00f6mungssonden zu best\u00e4tigen.\u00a0Angleiten, Upwindleistung, Endgeschwindgkeit, Absprung und Landung k\u00f6nnen damit deutlich verbessert werden.<\/p>\n<p>Das Ergebnis ist eine vollst\u00e4ndige computergesteuerte 3D-Boardline, die dann von Fachleuten in h\u00f6chster Qualit\u00e4t hergestellt wird. Aus Gr\u00fcnden der Qualit\u00e4tskontrolle geben wir Seriennummern f\u00fcr eine 100% ige R\u00fcckverfolgbarkeit an. Sehe dir unsere <a href=\"https:\/\/woodboard.at\/de\/kiteboard-shop\/\">Woodboards<\/a>\u00a0an.<\/p>\n<\/div><\/div><\/div><\/div><\/div><div class=\"et_pb_section_5 et_pb_section et_section_regular et_block_section\"><div class=\"et_pb_row_4 et_pb_row et_block_row\"><div class=\"et_pb_column_6 et_pb_column et_pb_column_4_4 et-last-child et_block_column et_pb_css_mix_blend_mode_passthrough\"><div class=\"et_pb_text_4 et_pb_text et_pb_bg_layout_light et_pb_module et_block_module\"><div class=\"et_pb_text_inner\"><h1 style=\"text-align: center;\"><span lang=\"DE\">ES IST EIN LEBENSSTIL<\/span><\/h1>\n<\/div><\/div><\/div><\/div><\/div><div class=\"et_pb_section_6 et_pb_section et_section_regular et_block_section\"><div class=\"et_pb_row_5 et_pb_row et_pb_equal_columns et_pb_gutters1 et_block_row\"><div class=\"et_pb_column_7 et_pb_column et_pb_column_1_2 et_block_column et_pb_css_mix_blend_mode_passthrough\"><div class=\"et_pb_text_5 et_pb_text et_pb_bg_layout_dark et_pb_module et_block_module\"><div class=\"et_pb_text_inner\"><h1><span lang=\"DE\">PHILOSOPHIE<\/span><\/h1>\n<p>Erfolg ist f\u00fcr uns, wenn wir einem Kiter ein L\u00e4cheln ins Gesicht zaubern k\u00f6nnen. Dies ist einer der Gr\u00fcnde, warum wir so viel Energie in die Entwicklung von unseren Kiteboards investieren.\u00a0Mit den steigenden Verkaufszahlen und zufriedenen Kunden steigt auch die Zahl der gl\u00fccklich lachenden Menschen. Und das ist die Motivation f\u00fcr uns. \u201eDas Leben ist zu kurz, um schlechte Boards zu fahren!\u201c<\/p>\n<p>Unser Preismodell basiert auf der Idee, dass die besten Fahreigenschaften, gutes Design und hohe Qualit\u00e4t kein Luxus, sondern f\u00fcr jeden leistbar sein sollen.<\/p>\n<\/div><\/div><\/div><div class=\"et_pb_column_8 et_pb_column et_pb_column_1_2 et-last-child et_block_column et_pb_css_mix_blend_mode_passthrough\"><div class=\"et_pb_image_2 et_pb_image et_pb_module et_block_module\"><span class=\"et_pb_image_wrap\"><img decoding=\"async\" src=\"https:\/\/woodboard.at\/wp-content\/uploads\/2020\/03\/20171230-IMGP7816-Kopie-1.jpg\" width=\"1600\" height=\"900\" srcset=\"https:\/\/woodboard.at\/wp-content\/uploads\/2020\/03\/20171230-IMGP7816-Kopie-1.jpg 1600w, https:\/\/woodboard.at\/wp-content\/uploads\/2020\/03\/20171230-IMGP7816-Kopie-1-1280x720.jpg 1280w, https:\/\/woodboard.at\/wp-content\/uploads\/2020\/03\/20171230-IMGP7816-Kopie-1-980x551.jpg 980w, https:\/\/woodboard.at\/wp-content\/uploads\/2020\/03\/20171230-IMGP7816-Kopie-1-480x270.jpg 480w\" sizes=\"(min-width: 0px) and (max-width: 480px) 480px, (min-width: 481px) and (max-width: 980px) 980px, (min-width: 981px) and (max-width: 1280px) 1280px, (min-width: 1281px) 1600px, 100vw\" class=\"wp-image-705\" title=\"20171230-IMGP7816-Kopie-1\" alt=\"Woodboard Kitesurfing Niki mit Trash am Strand bei Sonnenuntergang\" \/><\/span><\/div><\/div><\/div><\/div><div class=\"et_pb_section_7 et_pb_section et_section_regular et_block_section\"><div class=\"et_pb_row_6 et_pb_row et_block_row\"><div class=\"et_pb_column_9 et_pb_column et_pb_column_4_4 et-last-child et_block_column et_pb_css_mix_blend_mode_passthrough\"><div class=\"et_pb_text_6 et_pb_text et_pb_bg_layout_light et_pb_module et_block_module\"><div class=\"et_pb_text_inner\"><h1 style=\"text-align: center;\"><span lang=\"DE\">SOZIALE UND UMWELTVERANTWORTUNG<\/span><\/h1>\n<\/div><\/div><\/div><\/div><\/div><div class=\"et_pb_section_8 et_pb_section et_section_regular et_block_section\"><div class=\"et_pb_row_7 et_pb_row et_pb_equal_columns et_pb_gutters1 et_block_row\"><div class=\"et_pb_column_10 et_pb_column et_pb_column_1_2 et_block_column et_pb_css_mix_blend_mode_passthrough\"><div class=\"et_pb_image_3 et_pb_image et_pb_module et_block_module\"><span class=\"et_pb_image_wrap\"><img decoding=\"async\" src=\"https:\/\/woodboard.at\/wp-content\/uploads\/2020\/03\/20171216-IMGP6019.jpg\" width=\"1600\" height=\"900\" srcset=\"https:\/\/woodboard.at\/wp-content\/uploads\/2020\/03\/20171216-IMGP6019.jpg 1600w, https:\/\/woodboard.at\/wp-content\/uploads\/2020\/03\/20171216-IMGP6019-1280x720.jpg 1280w, https:\/\/woodboard.at\/wp-content\/uploads\/2020\/03\/20171216-IMGP6019-980x551.jpg 980w, https:\/\/woodboard.at\/wp-content\/uploads\/2020\/03\/20171216-IMGP6019-480x270.jpg 480w\" sizes=\"(min-width: 0px) and (max-width: 480px) 480px, (min-width: 481px) and (max-width: 980px) 980px, (min-width: 981px) and (max-width: 1280px) 1280px, (min-width: 1281px) 1600px, 100vw\" class=\"wp-image-704\" \/><\/span><\/div><\/div><div class=\"et_pb_column_11 et_pb_column et_pb_column_1_2 et-last-child et_block_column et_pb_css_mix_blend_mode_passthrough\"><div class=\"et_pb_text_7 et_pb_text et_pb_bg_layout_dark et_pb_module et_block_module\"><div class=\"et_pb_text_inner\"><h1><span lang=\"DE\">ETHIK<\/span><\/h1>\n<div><span lang=\"DE\">Alle unsere Boards werden in der Europ\u00e4ischen Union hergestellt. Alle Lieferanten f\u00fcr die Rohstoffe befinden sich ebenfalls in der Europ\u00e4ischen Union. Alle am Herstellungsprozess beteiligten Personen sind nach den nationalen Arbeitsgesetzen besch\u00e4ftigt.\u00a0<\/span><\/div>\n<div>\u00a0<\/div>\n<div><span lang=\"DE\">Wir verwenden FSC-zertifiziertes Holz. W\u00e4hrend des Herstellungsprozesses geben wir keine Gase oder Partikel an die Umwelt ab. Zum Verpacken verwenden wir Polyethylen (PE) Folie anstelle von Polyvinylchlorid (PVC) und Recyclingkarton. Wir vermeiden lange Transportwege und kaufen kein Material aus Niedriglohnl\u00e4ndern.<\/span><\/div>\n<\/div><\/div><\/div><\/div><\/div><div class=\"et_pb_section_9 et_pb_section et_section_regular et_block_section\"><div class=\"et_pb_row_8 et_pb_row et_block_row\"><div class=\"et_pb_column_12 et_pb_column et_pb_column_4_4 et-last-child et_block_column et_pb_css_mix_blend_mode_passthrough\"><div class=\"et_pb_text_8 et_pb_text et_pb_bg_layout_light et_pb_module et_block_module\"><div class=\"et_pb_text_inner\"><h1 style=\"text-align: center;\">DER WOODBOARD WALD<\/h1>\n<\/div><\/div><\/div><\/div><\/div><div class=\"et_pb_section_10 et_pb_section et_section_regular et_block_section\"><div class=\"et_pb_row_9 et_pb_row et_pb_equal_columns et_pb_gutters1 et_block_row\"><div class=\"et_pb_column_13 et_pb_column et_pb_column_1_2 et_block_column et_pb_css_mix_blend_mode_passthrough\"><div class=\"et_pb_text_9 et_pb_text et_pb_bg_layout_dark et_pb_module et_block_module\"><div class=\"et_pb_text_inner\"><h1>CO2<\/h1>\n<p>Wir haben uns verschiedene Programme zur \u00d6kogaskompensation angesehen. Schlie\u00dflich entschieden wir uns, uns einen eigenen Wald zu beschaffen. Der Woodboard Forest befindet sich direkt neben unserer Homebase in \u00d6sterreich.<\/p>\n<p>Mit seinen fast 1 Hektar bindet es j\u00e4hrlich etwa 10 Tonnen CO2. Dies deckt den CO2-Aussto\u00df unserer Produktion und zus\u00e4tzlich einige Transatlantikfl\u00fcge der woodboardfamily ab.<\/p>\n<\/div><\/div><\/div><div class=\"et_pb_column_14 et_pb_column et_pb_column_1_2 et-last-child et_block_column et_pb_css_mix_blend_mode_passthrough\"><div class=\"et_pb_image_4 et_pb_image et_pb_module et_block_module\"><span class=\"et_pb_image_wrap\"><img decoding=\"async\" src=\"https:\/\/woodboard.at\/wp-content\/uploads\/2022\/01\/Woodboard-Forest.jpg\" width=\"1600\" height=\"900\" srcset=\"https:\/\/woodboard.at\/wp-content\/uploads\/2022\/01\/Woodboard-Forest.jpg 1600w, https:\/\/woodboard.at\/wp-content\/uploads\/2022\/01\/Woodboard-Forest-1280x720.jpg 1280w, https:\/\/woodboard.at\/wp-content\/uploads\/2022\/01\/Woodboard-Forest-980x551.jpg 980w, https:\/\/woodboard.at\/wp-content\/uploads\/2022\/01\/Woodboard-Forest-480x270.jpg 480w\" sizes=\"(min-width: 0px) and (max-width: 480px) 480px, (min-width: 481px) and (max-width: 980px) 980px, (min-width: 981px) and (max-width: 1280px) 1280px, (min-width: 1281px) 1600px, 100vw\" class=\"wp-image-61578\" title=\"Der Woodboard Wald\" alt=\"Der Woodboard Wald\" \/><\/span><\/div><\/div><\/div><\/div><div class=\"et_pb_section_11 et_pb_section et_section_regular et_block_section\"><div class=\"et_pb_row_10 et_pb_row et_block_row\"><div class=\"et_pb_column_15 et_pb_column et_pb_column_4_4 et-last-child et_block_column et_pb_css_mix_blend_mode_passthrough\"><div class=\"et_pb_text_10 et_pb_text et_pb_bg_layout_light et_pb_module et_block_module\"><div class=\"et_pb_text_inner\"><h1 style=\"text-align: center;\">FOLGE UNS AUF UNSEREN SOZIALEN NETZEN<\/h1>\n<\/div><\/div><\/div><\/div><\/div>","protected":false},"excerpt":{"rendered":"","protected":false},"author":1,"featured_media":56251,"parent":0,"menu_order":0,"comment_status":"closed","ping_status":"closed","template":"","meta":{"footnotes":""},"class_list":["post-56642","page","type-page","status-publish","has-post-thumbnail","hentry"],"yoast_head":"<!-- This site is optimized with the Yoast SEO plugin v27.3 - https:\/\/yoast.com\/product\/yoast-seo-wordpress\/ -->\n<title>Woodboard - KITEBOARDS made in EU - By riders and engineers<\/title>\n<meta name=\"description\" content=\"Premium Kiteboards made in EU! Cooles Design, h\u00f6chste Qualit\u00e4t, exzellente Performance - halten was sie versprechen! \u00dcberzeuge dich!\" \/>\n<meta name=\"robots\" content=\"index, follow, max-snippet:-1, max-image-preview:large, max-video-preview:-1\" \/>\n<link rel=\"canonical\" href=\"https:\/\/woodboard.at\/de\/about\/\" \/>\n<meta property=\"og:locale\" content=\"de_DE\" \/>\n<meta property=\"og:type\" content=\"article\" \/>\n<meta property=\"og:title\" content=\"Woodboard - KITEBOARDS made in EU - By riders and engineers\" \/>\n<meta property=\"og:description\" content=\"Premium Kiteboards made in EU! Cooles Design, h\u00f6chste Qualit\u00e4t, exzellente Performance - halten was sie versprechen! \u00dcberzeuge dich!\" \/>\n<meta property=\"og:url\" content=\"https:\/\/woodboard.at\/de\/about\/\" \/>\n<meta property=\"og:site_name\" content=\"Woodboard\" \/>\n<meta property=\"article:publisher\" content=\"https:\/\/www.facebook.com\/woodboard\/\" \/>\n<meta property=\"article:modified_time\" content=\"2026-02-28T15:19:22+00:00\" \/>\n<meta property=\"og:image\" content=\"https:\/\/dimgrey-walrus-153843.hostingersite.com\/wp-content\/uploads\/2020\/03\/20170113-2-IMGP0999.jpg\" \/>\n\t<meta property=\"og:image:width\" content=\"2000\" \/>\n\t<meta property=\"og:image:height\" content=\"1125\" \/>\n\t<meta property=\"og:image:type\" content=\"image\/jpeg\" \/>\n<meta name=\"twitter:card\" content=\"summary_large_image\" \/>\n<script type=\"application\/ld+json\" class=\"yoast-schema-graph\">{\"@context\":\"https:\\\/\\\/schema.org\",\"@graph\":[{\"@type\":\"WebPage\",\"@id\":\"https:\\\/\\\/woodboard.at\\\/de\\\/about\\\/\",\"url\":\"https:\\\/\\\/woodboard.at\\\/de\\\/about\\\/\",\"name\":\"Woodboard - KITEBOARDS made in EU - By riders and engineers\",\"isPartOf\":{\"@id\":\"https:\\\/\\\/dimgrey-walrus-153843.hostingersite.com\\\/#website\"},\"primaryImageOfPage\":{\"@id\":\"https:\\\/\\\/woodboard.at\\\/de\\\/about\\\/#primaryimage\"},\"image\":{\"@id\":\"https:\\\/\\\/woodboard.at\\\/de\\\/about\\\/#primaryimage\"},\"thumbnailUrl\":\"https:\\\/\\\/woodboard.at\\\/wp-content\\\/uploads\\\/2020\\\/03\\\/20170113-2-IMGP0999.jpg\",\"datePublished\":\"2020-03-25T11:25:42+00:00\",\"dateModified\":\"2026-02-28T15:19:22+00:00\",\"description\":\"Premium Kiteboards made in EU! Cooles Design, h\u00f6chste Qualit\u00e4t, exzellente Performance - halten was sie versprechen! \u00dcberzeuge dich!\",\"breadcrumb\":{\"@id\":\"https:\\\/\\\/woodboard.at\\\/de\\\/about\\\/#breadcrumb\"},\"inLanguage\":\"de-DE\",\"potentialAction\":[{\"@type\":\"ReadAction\",\"target\":[\"https:\\\/\\\/woodboard.at\\\/de\\\/about\\\/\"]}]},{\"@type\":\"ImageObject\",\"inLanguage\":\"de-DE\",\"@id\":\"https:\\\/\\\/woodboard.at\\\/de\\\/about\\\/#primaryimage\",\"url\":\"https:\\\/\\\/woodboard.at\\\/wp-content\\\/uploads\\\/2020\\\/03\\\/20170113-2-IMGP0999.jpg\",\"contentUrl\":\"https:\\\/\\\/woodboard.at\\\/wp-content\\\/uploads\\\/2020\\\/03\\\/20170113-2-IMGP0999.jpg\",\"width\":2000,\"height\":1125,\"caption\":\"Woodboard Kitesurfing Chame and Peter Lynn kite\"},{\"@type\":\"BreadcrumbList\",\"@id\":\"https:\\\/\\\/woodboard.at\\\/de\\\/about\\\/#breadcrumb\",\"itemListElement\":[{\"@type\":\"ListItem\",\"position\":1,\"name\":\"Home\",\"item\":\"https:\\\/\\\/woodboard.at\\\/de\\\/home\\\/\"},{\"@type\":\"ListItem\",\"position\":2,\"name\":\"About\"}]},{\"@type\":\"WebSite\",\"@id\":\"https:\\\/\\\/dimgrey-walrus-153843.hostingersite.com\\\/#website\",\"url\":\"https:\\\/\\\/dimgrey-walrus-153843.hostingersite.com\\\/\",\"name\":\"Woodboard\",\"description\":\"The finest rides on this planet!\",\"publisher\":{\"@id\":\"https:\\\/\\\/dimgrey-walrus-153843.hostingersite.com\\\/#organization\"},\"potentialAction\":[{\"@type\":\"SearchAction\",\"target\":{\"@type\":\"EntryPoint\",\"urlTemplate\":\"https:\\\/\\\/dimgrey-walrus-153843.hostingersite.com\\\/?s={search_term_string}\"},\"query-input\":{\"@type\":\"PropertyValueSpecification\",\"valueRequired\":true,\"valueName\":\"search_term_string\"}}],\"inLanguage\":\"de-DE\"},{\"@type\":\"Organization\",\"@id\":\"https:\\\/\\\/dimgrey-walrus-153843.hostingersite.com\\\/#organization\",\"name\":\"WOODBOARD\",\"url\":\"https:\\\/\\\/dimgrey-walrus-153843.hostingersite.com\\\/\",\"logo\":{\"@type\":\"ImageObject\",\"inLanguage\":\"de-DE\",\"@id\":\"https:\\\/\\\/dimgrey-walrus-153843.hostingersite.com\\\/#\\\/schema\\\/logo\\\/image\\\/\",\"url\":\"https:\\\/\\\/woodboard.at\\\/wp-content\\\/uploads\\\/2020\\\/03\\\/logo-woodboard-original_520.png\",\"contentUrl\":\"https:\\\/\\\/woodboard.at\\\/wp-content\\\/uploads\\\/2020\\\/03\\\/logo-woodboard-original_520.png\",\"width\":520,\"height\":206,\"caption\":\"WOODBOARD\"},\"image\":{\"@id\":\"https:\\\/\\\/dimgrey-walrus-153843.hostingersite.com\\\/#\\\/schema\\\/logo\\\/image\\\/\"},\"sameAs\":[\"https:\\\/\\\/www.facebook.com\\\/woodboard\\\/\",\"https:\\\/\\\/www.instagram.com\\\/woodboard.kitesurfing\\\/\",\"https:\\\/\\\/www.youtube.com\\\/channel\\\/UCpsmcBKDY4nzVL0nbn39RBg\"]}]}<\/script>\n<!-- \/ Yoast SEO plugin. -->","yoast_head_json":{"title":"Woodboard - KITEBOARDS made in EU - By riders and engineers","description":"Premium Kiteboards made in EU! Cooles Design, h\u00f6chste Qualit\u00e4t, exzellente Performance - halten was sie versprechen! \u00dcberzeuge dich!","robots":{"index":"index","follow":"follow","max-snippet":"max-snippet:-1","max-image-preview":"max-image-preview:large","max-video-preview":"max-video-preview:-1"},"canonical":"https:\/\/woodboard.at\/de\/about\/","og_locale":"de_DE","og_type":"article","og_title":"Woodboard - KITEBOARDS made in EU - By riders and engineers","og_description":"Premium Kiteboards made in EU! Cooles Design, h\u00f6chste Qualit\u00e4t, exzellente Performance - halten was sie versprechen! \u00dcberzeuge dich!","og_url":"https:\/\/woodboard.at\/de\/about\/","og_site_name":"Woodboard","article_publisher":"https:\/\/www.facebook.com\/woodboard\/","article_modified_time":"2026-02-28T15:19:22+00:00","og_image":[{"width":2000,"height":1125,"url":"https:\/\/dimgrey-walrus-153843.hostingersite.com\/wp-content\/uploads\/2020\/03\/20170113-2-IMGP0999.jpg","type":"image\/jpeg"}],"twitter_card":"summary_large_image","schema":{"@context":"https:\/\/schema.org","@graph":[{"@type":"WebPage","@id":"https:\/\/woodboard.at\/de\/about\/","url":"https:\/\/woodboard.at\/de\/about\/","name":"Woodboard - KITEBOARDS made in EU - By riders and engineers","isPartOf":{"@id":"https:\/\/dimgrey-walrus-153843.hostingersite.com\/#website"},"primaryImageOfPage":{"@id":"https:\/\/woodboard.at\/de\/about\/#primaryimage"},"image":{"@id":"https:\/\/woodboard.at\/de\/about\/#primaryimage"},"thumbnailUrl":"https:\/\/woodboard.at\/wp-content\/uploads\/2020\/03\/20170113-2-IMGP0999.jpg","datePublished":"2020-03-25T11:25:42+00:00","dateModified":"2026-02-28T15:19:22+00:00","description":"Premium Kiteboards made in EU! Cooles Design, h\u00f6chste Qualit\u00e4t, exzellente Performance - halten was sie versprechen! \u00dcberzeuge dich!","breadcrumb":{"@id":"https:\/\/woodboard.at\/de\/about\/#breadcrumb"},"inLanguage":"de-DE","potentialAction":[{"@type":"ReadAction","target":["https:\/\/woodboard.at\/de\/about\/"]}]},{"@type":"ImageObject","inLanguage":"de-DE","@id":"https:\/\/woodboard.at\/de\/about\/#primaryimage","url":"https:\/\/woodboard.at\/wp-content\/uploads\/2020\/03\/20170113-2-IMGP0999.jpg","contentUrl":"https:\/\/woodboard.at\/wp-content\/uploads\/2020\/03\/20170113-2-IMGP0999.jpg","width":2000,"height":1125,"caption":"Woodboard Kitesurfing Chame and Peter Lynn kite"},{"@type":"BreadcrumbList","@id":"https:\/\/woodboard.at\/de\/about\/#breadcrumb","itemListElement":[{"@type":"ListItem","position":1,"name":"Home","item":"https:\/\/woodboard.at\/de\/home\/"},{"@type":"ListItem","position":2,"name":"About"}]},{"@type":"WebSite","@id":"https:\/\/dimgrey-walrus-153843.hostingersite.com\/#website","url":"https:\/\/dimgrey-walrus-153843.hostingersite.com\/","name":"Woodboard","description":"The finest rides on this planet!","publisher":{"@id":"https:\/\/dimgrey-walrus-153843.hostingersite.com\/#organization"},"potentialAction":[{"@type":"SearchAction","target":{"@type":"EntryPoint","urlTemplate":"https:\/\/dimgrey-walrus-153843.hostingersite.com\/?s={search_term_string}"},"query-input":{"@type":"PropertyValueSpecification","valueRequired":true,"valueName":"search_term_string"}}],"inLanguage":"de-DE"},{"@type":"Organization","@id":"https:\/\/dimgrey-walrus-153843.hostingersite.com\/#organization","name":"WOODBOARD","url":"https:\/\/dimgrey-walrus-153843.hostingersite.com\/","logo":{"@type":"ImageObject","inLanguage":"de-DE","@id":"https:\/\/dimgrey-walrus-153843.hostingersite.com\/#\/schema\/logo\/image\/","url":"https:\/\/woodboard.at\/wp-content\/uploads\/2020\/03\/logo-woodboard-original_520.png","contentUrl":"https:\/\/woodboard.at\/wp-content\/uploads\/2020\/03\/logo-woodboard-original_520.png","width":520,"height":206,"caption":"WOODBOARD"},"image":{"@id":"https:\/\/dimgrey-walrus-153843.hostingersite.com\/#\/schema\/logo\/image\/"},"sameAs":["https:\/\/www.facebook.com\/woodboard\/","https:\/\/www.instagram.com\/woodboard.kitesurfing\/","https:\/\/www.youtube.com\/channel\/UCpsmcBKDY4nzVL0nbn39RBg"]}]}},"_links":{"self":[{"href":"https:\/\/woodboard.at\/de\/wp-json\/wp\/v2\/pages\/56642","targetHints":{"allow":["GET"]}}],"collection":[{"href":"https:\/\/woodboard.at\/de\/wp-json\/wp\/v2\/pages"}],"about":[{"href":"https:\/\/woodboard.at\/de\/wp-json\/wp\/v2\/types\/page"}],"author":[{"embeddable":true,"href":"https:\/\/woodboard.at\/de\/wp-json\/wp\/v2\/users\/1"}],"replies":[{"embeddable":true,"href":"https:\/\/woodboard.at\/de\/wp-json\/wp\/v2\/comments?post=56642"}],"version-history":[{"count":0,"href":"https:\/\/woodboard.at\/de\/wp-json\/wp\/v2\/pages\/56642\/revisions"}],"wp:featuredmedia":[{"embeddable":true,"href":"https:\/\/woodboard.at\/de\/wp-json\/wp\/v2\/media\/56251"}],"wp:attachment":[{"href":"https:\/\/woodboard.at\/de\/wp-json\/wp\/v2\/media?parent=56642"}],"curies":[{"name":"wp","href":"https:\/\/api.w.org\/{rel}","templated":true}]}}